{"id":44,"date":"2020-10-09T13:40:57","date_gmt":"2020-10-09T13:40:57","guid":{"rendered":"https:\/\/5.escutismo.pt\/?page_id=44"},"modified":"2021-07-05T18:28:30","modified_gmt":"2021-07-05T18:28:30","slug":"parque-chefe-martins-3","status":"publish","type":"page","link":"https:\/\/5.escutismo.pt\/?page_id=44","title":{"rendered":"Parque Chefe Martins"},"content":{"rendered":"\n<div class=\"wp-block-image\"><figure class=\"alignright size-large is-resized\"><img loading=\"lazy\" src=\"https:\/\/5.escutismo.pt\/wp-content\/uploads\/2021\/01\/Logo-PCM_fb-1024x944.png\" alt=\"\" class=\"wp-image-340\" width=\"300\" height=\"277\" srcset=\"https:\/\/5.escutismo.pt\/wp-content\/uploads\/2021\/01\/Logo-PCM_fb-1024x944.png 1024w, https:\/\/5.escutismo.pt\/wp-content\/uploads\/2021\/01\/Logo-PCM_fb-300x277.png 300w, https:\/\/5.escutismo.pt\/wp-content\/uploads\/2021\/01\/Logo-PCM_fb-768x708.png 768w, https:\/\/5.escutismo.pt\/wp-content\/uploads\/2021\/01\/Logo-PCM_fb.png 1149w\" sizes=\"(max-width: 300px) 100vw, 300px\" \/><\/figure><\/div>\n\n\n\n<p><strong>Morada<\/strong><br>Rua do Pinhal, 4805-370 Ronfe<\/p>\n\n\n\n<p><strong>Coordenadas GPS<\/strong><br>41.436614, -8.380251000000044<\/p>\n\n\n\n<p><strong>ESTADIA<\/strong><\/p>\n\n\n\n<p>Acampamento &#8211; lota\u00e7\u00e3o m\u00e1x. 500 pessoas<\/p>\n\n\n\n<p><strong>INFRA-ESTRUTURAS<\/strong><\/p>\n\n\n\n<p>Fogueira, \u00e1gua pot\u00e1vel, electricidade, chuveiros, Sanit\u00e1rios.<\/p>\n\n\n\n<p><strong>TRANSPORTES<\/strong><\/p>\n\n\n\n<p>Comboio:&nbsp; N\u00e3o<\/p>\n\n\n\n<p>Autocarro:&nbsp; Sim<\/p>\n\n\n\n<p>&nbsp;Como chegar de transporte p\u00fablico:<\/p>\n\n\n\n<p>Paragem de Autocarros a 100 metros<\/p>\n\n\n\n<p>Como chegar de transporte pr\u00f3prio:<\/p>\n\n\n\n<p>Estrada Nacional 206, km 11, Guimar\u00e3es\/Famalic\u00e3o. Rua do Pinhal 4805-370&nbsp;Ronfe<\/p>\n\n\n\n<p>Coordenadas GPS:&nbsp;+41\u00b0 26&#8242; 32.14&#8243;, -8\u00b0 23&#8242; 25.93<\/p>\n\n\n\n<p><strong>ATIVIDADES<\/strong><\/p>\n\n\n\n<p>O custo por noite \u00e9 de 1 \u20ac por pessoa. \u00c9 necess\u00e1rio reservar com anteced\u00eancia. Cidade de Guimar\u00e3es (Patrim\u00f3nio da Humanidade) a 8 km e Famalic\u00e3o a 14 km, Centro de hipismo a 2 km, parque e jogos, piscina, etc.<\/p>\n\n\n\n<p><strong>Regulamento do Parque Chefe Martins:<\/strong><\/p>\n\n\n\n<div class=\"wp-block-file\"><a href=\"https:\/\/5.escutismo.pt\/wp-content\/uploads\/2021\/07\/Regulamento-de-utilizacao-do-Parque-Chefe-Martins.pdf\">Regulamento-de-utilizacao-do-Parque-Chefe-Martins<\/a><a href=\"https:\/\/5.escutismo.pt\/wp-content\/uploads\/2021\/07\/Regulamento-de-utilizacao-do-Parque-Chefe-Martins.pdf\" class=\"wp-block-file__button\" download>Descarregar<\/a><\/div>\n\n\n\n<p><strong>Consulta as<\/strong> <strong>10 boas pr\u00e1ticas para um acampamento sustent\u00e1vel<\/strong>. <\/p>\n\n\n\n<div class=\"wp-block-file\"><a href=\"https:\/\/5.escutismo.pt\/wp-content\/uploads\/2021\/05\/10-praticas-para-um-acampamento-sustentavel.pdf\">10-praticas-para-um-acampamento-sustentavel<\/a><a href=\"https:\/\/5.escutismo.pt\/wp-content\/uploads\/2021\/05\/10-praticas-para-um-acampamento-sustentavel.pdf\" class=\"wp-block-file__button\" download>Descarregar<\/a><\/div>\n\n\n\n<p><strong>Reservas:<\/strong><\/p>\n\n\n\n<p>Respons\u00e1vel: Albino Dias<\/p>\n\n\n\n<p>E-mail: parquecm.5@escutismo.pt<\/p>\n\n\n\n<p>Contacto: 966 310 719<\/p>\n","protected":false},"excerpt":{"rendered":"<p>MoradaRua do Pinhal, 4805-370 Ronfe Coordenadas GPS41.436614, -8.380251000000044 ESTADIA Acampamento &#8211; lota\u00e7\u00e3o m\u00e1x. 500 pessoas INFRA-ESTRUTURAS Fogueira, \u00e1gua pot\u00e1vel, electricidade, chuveiros, Sanit\u00e1rios. TRANSPORTES Comboio:&nbsp; N\u00e3o Autocarro:&nbsp; Sim &nbsp;Como chegar de transporte p\u00fablico: Paragem de Autocarros a 100 metros Como chegar de transporte pr\u00f3prio: Estrada Nacional 206, km 11, Guimar\u00e3es\/Famalic\u00e3o. Rua do Pinhal 4805-370&nbsp;Ronfe Coordenadas GPS:&nbsp;+41\u00b0 &hellip; <\/p>\n<p class=\"link-more\"><a href=\"https:\/\/5.escutismo.pt\/?page_id=44\" class=\"more-link\">Continuar a ler <span class=\"screen-reader-text\">&#8220;Parque Chefe Martins&#8221;<\/span><\/a><\/p>\n","protected":false},"author":1,"featured_media":0,"parent":0,"menu_order":0,"comment_status":"closed","ping_status":"closed","template":"","meta":[],"_links":{"self":[{"href":"https:\/\/5.escutismo.pt\/index.php?rest_route=\/wp\/v2\/pages\/44"}],"collection":[{"href":"https:\/\/5.escutismo.pt\/index.php?rest_route=\/wp\/v2\/pages"}],"about":[{"href":"https:\/\/5.escutismo.pt\/index.php?rest_route=\/wp\/v2\/types\/page"}],"author":[{"embeddable":true,"href":"https:\/\/5.escutismo.pt\/index.php?rest_route=\/wp\/v2\/users\/1"}],"replies":[{"embeddable":true,"href":"https:\/\/5.escutismo.pt\/index.php?rest_route=%2Fwp%2Fv2%2Fcomments&post=44"}],"version-history":[{"count":14,"href":"https:\/\/5.escutismo.pt\/index.php?rest_route=\/wp\/v2\/pages\/44\/revisions"}],"predecessor-version":[{"id":592,"href":"https:\/\/5.escutismo.pt\/index.php?rest_route=\/wp\/v2\/pages\/44\/revisions\/592"}],"wp:attachment":[{"href":"https:\/\/5.escutismo.pt\/index.php?rest_route=%2Fwp%2Fv2%2Fmedia&parent=44"}],"curies":[{"name":"wp","href":"https:\/\/api.w.org\/{rel}","templated":true}]}}