{"id":43,"date":"2020-10-09T13:40:57","date_gmt":"2020-10-09T13:40:57","guid":{"rendered":"https:\/\/5.escutismo.pt\/?page_id=43"},"modified":"2021-02-19T15:02:29","modified_gmt":"2021-02-19T15:02:29","slug":"cla-no19-santo-condestavel","status":"publish","type":"page","link":"https:\/\/5.escutismo.pt\/?page_id=43","title":{"rendered":"Cl\u00e3 n\u00ba19 Santo Condest\u00e1vel"},"content":{"rendered":"\n<div class=\"wp-block-image\"><figure class=\"alignright size-large is-resized\"><img loading=\"lazy\" src=\"https:\/\/5.escutismo.pt\/wp-content\/uploads\/2021\/02\/Cla-19-1.png\" alt=\"\" class=\"wp-image-574\" width=\"201\" height=\"194\"\/><\/figure><\/div>\n\n\n\n<p style=\"font-size:22px\"><strong>Organiza\u00e7\u00e3o<\/strong><\/p>\n\n\n\n<p><strong>IV\u00aa Sec\u00e7\u00e3o<\/strong><\/p>\n\n\n\n<p>\u2013 os elementos s\u00e3o denominados&nbsp;<strong>Caminheiros<\/strong>&nbsp;e as suas idades entre os 18 e os 22 anos;<br>\u2022 os Caminheiros est\u00e3o divididos em&nbsp;<strong>Tribos<\/strong>&nbsp;de 5 a 8 elementos;<br>\u2022 denomina-se&nbsp;<strong>Cl\u00e3<\/strong>&nbsp;a Unidade formada pelas Tribos de Caminheiros, de 2 a 5 Tribos;<br>\u2022 cada Tribo escolhe para&nbsp;<strong>Patrono um Santo da Igreja, Benem\u00e9rito da Humanidade ou Her\u00f3i Nacional<\/strong>, cuja vida os Caminheiros devem conhecer e tomar como modelo de ac\u00e7\u00e3o;<br>\u2022 o patrono da IV Sec\u00e7\u00e3o \u00e9&nbsp;<strong>S\u00e3o Paulo<\/strong>;<br>\u2022 o patrono do Cl\u00e3 19 \u00e9&nbsp;<strong>Santo <\/strong>Condest\u00e1vel;<br>\u2022 os Caminheiros re\u00fanem no&nbsp;<strong>Albergue<\/strong>;<br>\u2022 a actividade t\u00edpica do Cl\u00e3 \u00e9 a&nbsp;<strong>Caminhada<\/strong>;<br>\u2022 a cor representativa desta sec\u00e7\u00e3o \u00e9 o&nbsp;<strong>Vermelho<\/strong>;<\/p>\n\n\n\n<h3 id=\"spp\">SPP<\/h3>\n\n\n\n<p><strong>Sistema de Progress\u00e3o Pessoal<\/strong><\/p>\n\n\n\n<p><em>\u201cSer Caminheiro \u00e9 ser \u2018muita coisa\u2019 e ter a humildade de ser \u2018quase nada\u2019. \u00c9 saber que se pode viver num livro de aventuras em cada dia. \u00c9 saber que a nossa vida \u00e9 uma est\u00f3ria de \u201dEra uma vez\u2026\u201d, em que o her\u00f3i \u00e9 o Homem-Novo e onde, no final, h\u00e1 sempre o recome\u00e7ar de uma nova aventura. \u00c9 ser artes\u00e3o de um Mundo Novo, forjando em si mesmo \u2013 e nos outros \u2013 uma nova mentalidade, aderindo a novos valores para viver o presente, construindo o amanh\u00e3. \u201cSer mais\u201d e n\u00e3o \u201cter mais\u201d, \u00e9 o crit\u00e9rio das ac\u00e7\u00f5es e o rumo da caminhada. O caminheiro \u00e9 peregrino num mundo de instalados, o seu lema \u00e9 servir e a sua felicidade passa por fazer felizes os outros. Ser caminheiro \u00e9, sobretudo, ser feliz!\u201d<\/em><\/p>\n\n\n\n<p>Os Caminheiros encontram estas palavras no Di\u00e1rio de Percurso, um manual da maior import\u00e2ncia para o seu crescimento no escutismo. <\/p>\n\n\n\n<p>No Cl\u00e3, os primeiro passos do SPP s\u00e3o dados na fase do \u2018Caminho\u2019. O \u2018Caminho\u2019 \u00e9 composto por algumas provas de conhecimento, provas essas que levam os candidatos a Caminheiros (novi\u00e7os e aspirantes), a conhecerem melhor o Escutismo, o que \u00e9 ser Escuteiro e o que \u00e9 ser Caminheiro. <\/p>\n\n\n\n<p><strong>Caderno<br>de Pista IV<\/strong><\/p>\n\n\n\n<p>visualizar&nbsp;<a href=\"http:\/\/www.908carnaxide.pt\/wp-content\/uploads\/2020\/09\/Caderno_de_Pista_IV_Seccao_out19_para_impressao.pdf\" target=\"_blank\" rel=\"noreferrer noopener\"><strong>PDF<\/strong><\/a>.<\/p>\n\n\n\n<h3 id=\"adndasec\u00e7\u00e3o\">ADN da Sec\u00e7\u00e3o<\/h3>\n\n\n\n<p><strong>M\u00edstica e Simbologia<\/strong><\/p>\n\n\n\n<p>A M\u00edstica dos Caminheiros consiste na busca da vida plena em Cristo, o mesmo \u00e9 dizer, a vida no Homem Novo.<\/p>\n\n\n\n<p>A descoberta dos dons de Deus, com a progressiva aceita\u00e7\u00e3o da Alian\u00e7a que Ele oferece ao Homem, permite encontrar um novo projecto de vida: a constru\u00e7\u00e3o da Igreja d\u00e1 Corpo a esse projecto, e a vida vivida com crit\u00e9rios crist\u00e3os, assumida com valores crist\u00e3os e alimentada em Cristo, exprime a vida desse mesmo Corpo. \u00c9 esse o resumo do itiner\u00e1rio espiritual propos\u00acto pelo conjunto das quatro etapas sequenciais das sec\u00e7\u00f5es.<\/p>\n\n\n\n<p>Viver em Cristo \u00e9 a meta de todo o Crist\u00e3o.<\/p>\n\n\n\n<p>Pelo baptismo, fomos j\u00e1 configurados com Cristo e feitos membros da Igreja mas, enquanto peregrinamos neste mundo terrestre, experimentamos a dial\u00e9ctica de uma vida no mundo, sem ser do mundo. Isso acarreta dificuldades e exige um esfor\u00e7o de fidelidade ao querer de Deus. A correspond\u00eancia \u00e0 vontade divina \u00e9 um caminho para toda a vida e, o chegar da partida de Caminheiro-presenta apenas o assumir consciente e maduro do rumo a seguir. N\u00e3o significa, por isso, a conclus\u00e3o do caminho, nem a in\u00e9rcia da meta alcan\u00e7ada.<\/p>\n\n\n\n<p>Resumimos assim a M\u00edstica da quarta Sec\u00e7\u00e3o:<br>A vida no Homem Novo: o Caminheiro vive crist\u00e3mente em todas as dimens\u00f5es do seu ser.<br>O Caminheiro \u00e9 chamado a viver integralmente em Cristo, o \u201cHomem Novo\u201d, assumindo um lugar activo na constru\u00e7\u00e3o dos \u201cnovos c\u00e9us e da nova terra\u201d.<\/p>\n\n\n\n<p>Com a \u00eanfase colocada na vida crist\u00e3, nas diversas dimens\u00f5es que comp\u00f5em o ser humano, pretende-se estimular para a incarna\u00e7\u00e3o plena do Evangelho de Jesus Cristo, sem hiatos ou \u00e1reas exclu\u00ed\u00acdas. Tudo o que \u00e9 pr\u00f3prio do ser humano tem tamb\u00e9m a ver com o Evangelho e, por isso, toda a vida h\u00e1-de ser moldada pela Palavra que d\u00e1 vida e sacia para a eternidade.<\/p>\n\n\n\n<p>\u00c9 fundamental que a pedagogia da quarta Sec\u00e7\u00e3o n\u00e3o deixe de dar um contributo novo para a forma\u00e7\u00e3o dos jovens Caminheiros , pois estes est\u00e3o ainda num processo educativo, apesar de possu\u00edrem j\u00e1 autonomia em diferentes \u00e1reas. Da qualidade da pedagogia proposta nesta etapa, depende o bom sucesso de todo o itiner\u00e1rio escutista. No final deste percurso \u00e9 que pode\u00acremos perceber qual a mais valia que o escutismo oferece \u00e0 sociedade e \u00e0 Igreja.<\/p>\n\n\n\n<p>A simbologia ajuda-nos a entender a identidade do Caminheiro<\/p>\n\n\n\n<p><strong>Vara Bifurcada<\/strong><br>S\u00edmbolo da necessidade de fazer ou renovar as suas op\u00e7\u00f5es, sinal de que o Caminheiro se compromete a aderir ao projecto das Bem-aventuran\u00e7as.<\/p>\n\n\n\n<p><strong>Mochila<\/strong><br>Onde transporta apenas o essencial para a jornada.<br>Simboliza o seu desprendimento e a sua determina\u00e7\u00e3o de ir sempre mais al\u00e9m.<\/p>\n\n\n\n<p><strong>Tenda<\/strong><br>Sinal da mobilidade e da sua rapidez de se p\u00f4r em marcha.<br>Na B\u00edblia a tenda \u00e9 um sinal da presen\u00e7a de Deus no meio do seu povo.<\/p>\n\n\n\n<p><strong>P\u00e3o<\/strong><br>Transportado na mochila, alimenta o corpo, dado em partilha e comunh\u00e3o.<\/p>\n\n\n\n<p><strong>Evangelho<\/strong><br>O p\u00e3o do Esp\u00edrito, an\u00fancio da Boa Nova de Cristo.<\/p>\n\n\n\n<p><strong>Fogo<\/strong><br>Sinal da descida do Esp\u00edrito Santo.<br>\u00c9 o fogo que ilumina e aquece o peregrino durante a sua caminhada.<\/p>\n\n\n\n<h3 id=\"ora\u00e7\u00e3odocaminheiro\">Ora\u00e7\u00e3o do Caminheiro<\/h3>\n\n\n\n<p>Senhor Jesus,<br>Que Vos apresentastes aos homens<br>Como um caminho vivo,<br>Irradiando a claridade que vem do alto,<br>Dignai-Vos ser o meu Guia e Companheiro,<br>Nos caminhos da vida,<br>Como um dia o Fostes no caminho de Ema\u00fas;<br>Iluminai-me com o Vosso Esp\u00edrito,<br>A fim de saber descobrir<br>O caminho do Vosso melhor servi\u00e7o;<br>E que, alimentado com a Eucaristia,<br>Verdadeiro P\u00e3o de todos os Caminheiros,<br>Apesar das fadigas e das contradi\u00e7\u00f5es da jornada,<br>Eu possa caminhar alegremente convosco,<br>Em direc\u00e7\u00e3o ao Pai e aos irm\u00e3os.<br>\u00c1men.<\/p>\n\n\n\n<p><\/p>\n\n\n\n\n\t\t<!-- MasterSlider -->\n\t\t<div id=\"P_MS6a03534a1969a\" class=\"master-slider-parent msl ms-parent-id-3\" style=\"max-width:800px;\"  >\n\n\t\t\t\n\t\t\t<!-- MasterSlider Main -->\n\t\t\t<div id=\"MS6a03534a1969a\" class=\"master-slider ms-skin-default\" >\n\t\t\t\t \t\t\t\t \n\t\t\t\t<div  class=\"ms-slide\" data-delay=\"3\" data-fill-mode=\"fit\"  >\n\t\t\t\t\t<img src=\"https:\/\/5.escutismo.pt\/wp-content\/plugins\/master-slider\/public\/assets\/css\/blank.gif\" alt=\"\" title=\"\" data-src=\"https:\/\/5.escutismo.pt\/wp-content\/uploads\/2021\/02\/88248461_542803489680172_2048761054447534080_o.jpg\" \/>\n\n\n\t<img class=\"ms-thumb\" src=\"https:\/\/5.escutismo.pt\/wp-content\/uploads\/2021\/02\/88248461_542803489680172_2048761054447534080_o-140x80.jpg\" alt=\"\" \/>\n\t<div class=\"ms-thumb\" ><div class=\"ms-tab-context\"><div class=&quot;ms-tab-context&quot;><\/div><\/div>\n<\/div>\n\t\t\t\t<\/div>\n\t\t\t\t<div  class=\"ms-slide\" data-delay=\"3\" data-fill-mode=\"fill\"  >\n\t\t\t\t\t<img src=\"https:\/\/5.escutismo.pt\/wp-content\/plugins\/master-slider\/public\/assets\/css\/blank.gif\" alt=\"\" title=\"\" data-src=\"https:\/\/5.escutismo.pt\/wp-content\/uploads\/2021\/02\/84487342_527086141251907_6916479861619949568_n.jpg\" \/>\n\n\n\t<img class=\"ms-thumb\" src=\"https:\/\/5.escutismo.pt\/wp-content\/uploads\/2021\/02\/84487342_527086141251907_6916479861619949568_n-140x80.jpg\" alt=\"\" \/>\n\t<div class=\"ms-thumb\" ><div class=\"ms-tab-context\"><div class=&quot;ms-tab-context&quot;><\/div><\/div>\n<\/div>\n\t\t\t\t<\/div>\n\t\t\t\t<div  class=\"ms-slide\" data-delay=\"3\" data-fill-mode=\"fill\"  >\n\t\t\t\t\t<img src=\"https:\/\/5.escutismo.pt\/wp-content\/plugins\/master-slider\/public\/assets\/css\/blank.gif\" alt=\"\" title=\"\" data-src=\"https:\/\/5.escutismo.pt\/wp-content\/uploads\/2021\/02\/71139520_431201004173755_5108076953856901120_n.jpg\" \/>\n\n\n\t<img class=\"ms-thumb\" src=\"https:\/\/5.escutismo.pt\/wp-content\/uploads\/2021\/02\/71139520_431201004173755_5108076953856901120_n-140x80.jpg\" alt=\"\" \/>\n\t<div class=\"ms-thumb\" ><div class=\"ms-tab-context\"><div class=&quot;ms-tab-context&quot;><\/div><\/div>\n<\/div>\n\t\t\t\t<\/div>\n\t\t\t\t<div  class=\"ms-slide\" data-delay=\"3\" data-fill-mode=\"fill\"  >\n\t\t\t\t\t<img src=\"https:\/\/5.escutismo.pt\/wp-content\/plugins\/master-slider\/public\/assets\/css\/blank.gif\" alt=\"\" title=\"\" data-src=\"https:\/\/5.escutismo.pt\/wp-content\/uploads\/2021\/02\/70961520_431856347441554_7743085728355057664_n.jpg\" \/>\n\n\n\t<img class=\"ms-thumb\" src=\"https:\/\/5.escutismo.pt\/wp-content\/uploads\/2021\/02\/70961520_431856347441554_7743085728355057664_n-140x80.jpg\" alt=\"\" \/>\n\t<div class=\"ms-thumb\" ><div class=\"ms-tab-context\"><div class=&quot;ms-tab-context&quot;><\/div><\/div>\n<\/div>\n\t\t\t\t<\/div>\n\t\t\t\t<div  class=\"ms-slide\" data-delay=\"3\" data-fill-mode=\"fill\"  >\n\t\t\t\t\t<img src=\"https:\/\/5.escutismo.pt\/wp-content\/plugins\/master-slider\/public\/assets\/css\/blank.gif\" alt=\"\" title=\"\" data-src=\"https:\/\/5.escutismo.pt\/wp-content\/uploads\/2021\/02\/70949168_431856310774891_4897796042239508480_n.jpg\" \/>\n\n\n\t<img class=\"ms-thumb\" src=\"https:\/\/5.escutismo.pt\/wp-content\/uploads\/2021\/02\/70949168_431856310774891_4897796042239508480_n-140x80.jpg\" alt=\"\" \/>\n\t<div class=\"ms-thumb\" ><div class=\"ms-tab-context\"><div class=&quot;ms-tab-context&quot;><\/div><\/div>\n<\/div>\n\t\t\t\t<\/div>\n\t\t\t\t<div  class=\"ms-slide\" data-delay=\"3\" data-fill-mode=\"fill\"  >\n\t\t\t\t\t<img src=\"https:\/\/5.escutismo.pt\/wp-content\/plugins\/master-slider\/public\/assets\/css\/blank.gif\" alt=\"\" title=\"\" data-src=\"https:\/\/5.escutismo.pt\/wp-content\/uploads\/2021\/02\/60926734_369378570355999_3930662307322920960_n.jpg\" \/>\n\n\n\t<img class=\"ms-thumb\" src=\"https:\/\/5.escutismo.pt\/wp-content\/uploads\/2021\/02\/60926734_369378570355999_3930662307322920960_n-140x80.jpg\" alt=\"\" \/>\n\t<div class=\"ms-thumb\" ><div class=\"ms-tab-context\"><div class=&quot;ms-tab-context&quot;><\/div><\/div>\n<\/div>\n\t\t\t\t<\/div>\n\t\t\t\t<div  class=\"ms-slide\" data-delay=\"3\" data-fill-mode=\"fill\"  >\n\t\t\t\t\t<img src=\"https:\/\/5.escutismo.pt\/wp-content\/plugins\/master-slider\/public\/assets\/css\/blank.gif\" alt=\"\" title=\"\" data-src=\"https:\/\/5.escutismo.pt\/wp-content\/uploads\/2021\/02\/38186283_241007513193106_5441851532582584320_n.jpg\" \/>\n\n\n\t<img class=\"ms-thumb\" src=\"https:\/\/5.escutismo.pt\/wp-content\/uploads\/2021\/02\/38186283_241007513193106_5441851532582584320_n-140x80.jpg\" alt=\"\" \/>\n\t<div class=\"ms-thumb\" ><div class=\"ms-tab-context\"><div class=&quot;ms-tab-context&quot;><\/div><\/div>\n<\/div>\n\t\t\t\t<\/div>\n\t\t\t\t<div  class=\"ms-slide\" data-delay=\"3\" data-fill-mode=\"fit\"  >\n\t\t\t\t\t<img src=\"https:\/\/5.escutismo.pt\/wp-content\/plugins\/master-slider\/public\/assets\/css\/blank.gif\" alt=\"\" title=\"\" data-src=\"https:\/\/5.escutismo.pt\/wp-content\/uploads\/2021\/02\/68512925_408539296439926_699818114329608192_n.jpg\" \/>\n\n\n\t<img class=\"ms-thumb\" src=\"https:\/\/5.escutismo.pt\/wp-content\/uploads\/2021\/02\/68512925_408539296439926_699818114329608192_n-140x80.jpg\" alt=\"\" \/>\n\t<div class=\"ms-thumb\" ><div class=\"ms-tab-context\"><div class=&quot;ms-tab-context&quot;><\/div><\/div>\n<\/div>\n\t\t\t\t<\/div>\n\n\t\t\t<\/div>\n\t\t\t<!-- END MasterSlider Main -->\n\n\t\t\t \n\t\t<\/div>\n\t\t<!-- END MasterSlider -->\n\n\t\t<script>\n\t\t(function ( $ ) {\n\t\t\t\"use strict\";\n\n\t\t\t$(function () {\n\t\t\t\tvar masterslider_969a = new MasterSlider();\n\n\t\t\t\t\/\/ slider controls\n\t\t\t\tmasterslider_969a.control('arrows'     ,{ autohide:false, overVideo:true  });\t\t\t\tmasterslider_969a.control('bullets'    ,{ autohide:false, overVideo:true, dir:'h', align:'bottom' , margin:10  });\n\n\t\t\t\tmasterslider_969a.control('thumblist'  ,{ autohide:false, overVideo:true, dir:'h', speed:17, inset:false, arrows:false, hover:false, customClass:'', align:'bottom',type:'thumbs', margin:5, width:140, height:80, space:5, fillMode:'fill'  });\n\t\t\t\t\/\/ slider setup\n\t\t\t\tmasterslider_969a.setup(\"MS6a03534a1969a\", {\n\t\t\t\t\t\twidth           : 626,\n\t\t\t\t\t\theight          : 344,\n\t\t\t\t\t\tminHeight       : 0,\n\t\t\t\t\t\tspace           : 0,\n\t\t\t\t\t\tstart           : 1,\n\t\t\t\t\t\tgrabCursor      : true,\n\t\t\t\t\t\tswipe           : true,\n\t\t\t\t\t\tmouse           : true,\n\t\t\t\t\t\tlayout          : \"boxed\",\n\t\t\t\t\t\twheel           : false,\n\t\t\t\t\t\tautoplay        : false,\n\t\t\t\t\t\tinstantStartLayers:false,\n\t\t\t\t\t\tloop            : false,\n\t\t\t\t\t\tshuffle         : false,\n\t\t\t\t\t\tpreload         : 0,\n\t\t\t\t\t\theightLimit     : true,\n\t\t\t\t\t\tautoHeight      : false,\n\t\t\t\t\t\tsmoothHeight    : true,\n\t\t\t\t\t\tendPause        : false,\n\t\t\t\t\t\toverPause       : true,\n\t\t\t\t\t\tfillMode        : \"fill\",\n\t\t\t\t\t\tcenterControls  : true,\n\t\t\t\t\t\tstartOnAppear   : false,\n\t\t\t\t\t\tlayersMode      : \"center\",\n\t\t\t\t\t\thideLayers      : false,\n\t\t\t\t\t\tfullscreenMargin: 0,\n\t\t\t\t\t\tspeed           : 20,\n\t\t\t\t\t\tdir             : \"h\",\n\t\t\t\t\t\tparallaxMode    : 'swipe',\n\t\t\t\t\t\tview            : \"basic\"\n\t\t\t\t});\n\n\t\t\t\t\n\t\t\t\twindow.masterslider_instances = window.masterslider_instances || [];\n\t\t\t\twindow.masterslider_instances.push( masterslider_969a );\n\t\t\t });\n\n\t\t})(jQuery);\n\t\t<\/script>\n\n\n\n\n\n<p><\/p>\n","protected":false},"excerpt":{"rendered":"<p>Organiza\u00e7\u00e3o IV\u00aa Sec\u00e7\u00e3o \u2013 os elementos s\u00e3o denominados&nbsp;Caminheiros&nbsp;e as suas idades entre os 18 e os 22 anos;\u2022 os Caminheiros est\u00e3o divididos em&nbsp;Tribos&nbsp;de 5 a 8 elementos;\u2022 denomina-se&nbsp;Cl\u00e3&nbsp;a Unidade formada pelas Tribos de Caminheiros, de 2 a 5 Tribos;\u2022 cada Tribo escolhe para&nbsp;Patrono um Santo da Igreja, Benem\u00e9rito da Humanidade ou Her\u00f3i Nacional, cuja vida &hellip; <\/p>\n<p class=\"link-more\"><a href=\"https:\/\/5.escutismo.pt\/?page_id=43\" class=\"more-link\">Continuar a ler <span class=\"screen-reader-text\">&#8220;Cl\u00e3 n\u00ba19 Santo Condest\u00e1vel&#8221;<\/span><\/a><\/p>\n","protected":false},"author":1,"featured_media":0,"parent":0,"menu_order":0,"comment_status":"closed","ping_status":"closed","template":"","meta":[],"_links":{"self":[{"href":"https:\/\/5.escutismo.pt\/index.php?rest_route=\/wp\/v2\/pages\/43"}],"collection":[{"href":"https:\/\/5.escutismo.pt\/index.php?rest_route=\/wp\/v2\/pages"}],"about":[{"href":"https:\/\/5.escutismo.pt\/index.php?rest_route=\/wp\/v2\/types\/page"}],"author":[{"embeddable":true,"href":"https:\/\/5.escutismo.pt\/index.php?rest_route=\/wp\/v2\/users\/1"}],"replies":[{"embeddable":true,"href":"https:\/\/5.escutismo.pt\/index.php?rest_route=%2Fwp%2Fv2%2Fcomments&post=43"}],"version-history":[{"count":20,"href":"https:\/\/5.escutismo.pt\/index.php?rest_route=\/wp\/v2\/pages\/43\/revisions"}],"predecessor-version":[{"id":577,"href":"https:\/\/5.escutismo.pt\/index.php?rest_route=\/wp\/v2\/pages\/43\/revisions\/577"}],"wp:attachment":[{"href":"https:\/\/5.escutismo.pt\/index.php?rest_route=%2Fwp%2Fv2%2Fmedia&parent=43"}],"curies":[{"name":"wp","href":"https:\/\/api.w.org\/{rel}","templated":true}]}}