{"id":42,"date":"2020-10-09T13:40:57","date_gmt":"2020-10-09T13:40:57","guid":{"rendered":"https:\/\/5.escutismo.pt\/?page_id=42"},"modified":"2021-02-19T15:02:48","modified_gmt":"2021-02-19T15:02:48","slug":"comunidade-no111-s-joao-baptista","status":"publish","type":"page","link":"https:\/\/5.escutismo.pt\/?page_id=42","title":{"rendered":"Comunidade n\u00ba111 S. Jo\u00e3o Baptista"},"content":{"rendered":"\n<p style=\"font-size:22px\"><strong>Organiza\u00e7\u00e3o<\/strong><\/p>\n\n\n\n<div class=\"wp-block-image\"><figure class=\"alignright size-large is-resized\"><img loading=\"lazy\" src=\"https:\/\/5.escutismo.pt\/wp-content\/uploads\/2021\/02\/Comunidade-no111.png\" alt=\"\" class=\"wp-image-569\" width=\"207\" height=\"200\"\/><\/figure><\/div>\n\n\n\n<p><strong>III\u00aa Sec\u00e7\u00e3o<\/strong><\/p>\n\n\n\n<p>\u2022 os elementos s\u00e3o denominados&nbsp;<strong>Pioneiros<\/strong>&nbsp;e as suas idades entre os 14 e os 18 anos;<br>\u2022 os Pioneiros est\u00e3o divididos em&nbsp;<strong>Equipas<\/strong>&nbsp;de 4 a 8 elementos;<br>\u2022 denomina-se&nbsp;<strong>Comunidade<\/strong>&nbsp;a Unidade formada pelas Equipas de Pioneiros, de 2 a 5 Equipas;<br>\u2022 cada Equipa escolhe para&nbsp;<strong>Patrono um Santo da Igreja, Pioneiro da Humanidade ou Her\u00f3i Nacional<\/strong>, cuja vida os Pioneiros devem conhecer e tomar como modelo de ac\u00e7\u00e3o;<br>\u2022 o patrono da III Sec\u00e7\u00e3o \u00e9&nbsp;<strong>S\u00e3o Pedro<\/strong>;<br>\u2022 o patrono da Comunidade 111 \u00e9&nbsp;<strong>S. Jo\u00e3o Baptista<\/strong>;<br>\u2022 os Pioneiros re\u00fanem no&nbsp;<strong>Abrigo<\/strong>;<br>\u2022 a actividade t\u00edpica da Comunidade \u00e9 o&nbsp;<strong>Empreendimento<\/strong>;<br>\u2022 a cor representativa desta sec\u00e7\u00e3o \u00e9 o&nbsp;<strong>Azul<\/strong>;<\/p>\n\n\n\n<h3 id=\"spp\">SPP<\/h3>\n\n\n\n<p><strong>Sistema de Progress\u00e3o Pessoal<\/strong><\/p>\n\n\n\n<p><em>\u201cNeste grupo \u2013 a Comunidade dos Pioneiros \u2013 nunca vais estar sozinho! Desde j\u00e1 vais pertencer a um grupo mais pequeno dentro do grupo: a tua Equipa. \u00c9 com os elementos da tua Equipa que vais passar a maior parte do teu tempo enquanto aqui estiveres. Ser\u00e1 com eles que vais viver in\u00fameros momentos de alegria e de partilha, que v\u00e3o ficar bem gravados na tua mem\u00f3ria e recordar\u00e1s pela tua vida fora. Aceita o desafio! Vem ser Escuteiro\u2026 e ficas j\u00e1 a saber: \u00c9 importante que sejas igual a ti pr\u00f3prio!\u201d<\/em><\/p>\n\n\n\n<p>Os Pioneiros encontram estas palavras no Di\u00e1rio de Viv\u00eancias, um manual da maior import\u00e2ncia para o seu crescimento no escutismo. <\/p>\n\n\n\n<p>Na Comunidade, os primeiro passos do SPP s\u00e3o dados na fase do \u2018Desprendimento\u2019. O \u2018Desprendimento\u2019 \u00e9 composto por algumas provas de conhecimento, provas essas que levam os candidatos a Pioneiros (novi\u00e7os e aspirantes), a conhecerem melhor o Escutismo, o que \u00e9 ser Escuteiro e o que \u00e9 ser Pioneiro. <\/p>\n\n\n\n<p><strong>Caderno<br>de Pista III<\/strong><\/p>\n\n\n\n<p>visualizar&nbsp;<a href=\"http:\/\/www.908carnaxide.pt\/wp-content\/uploads\/2020\/09\/Caderno_de_Pista_III_Seccao_out19_para_impressao.pdf\" target=\"_blank\" rel=\"noreferrer noopener\"><strong>PDF<\/strong><\/a>.<\/p>\n\n\n\n<p><\/p>\n\n\n\n<p>Quem \u00e9 o&nbsp;<strong>Pioneiro<\/strong>?<br>\u00c9 aquele que, depois da descoberta do mundo que o rodeia, \u00e9 assola-do por um sentimento de insatisfa\u00e7\u00e3o, de um \u00edmpeto de fazer diferente, de mudar, de inovar, que o leva a soltar-se do que considera sup\u00e9rfluo para p\u00f4r m\u00e3os \u00e0 obra na constru\u00e7\u00e3o e concretiza\u00e7\u00e3o do seu sonho, das suas ambi\u00e7\u00f5es.<\/p>\n\n\n\n<p><strong>M\u00edstica e Simbologia<\/strong><\/p>\n\n\n\n<p>A M\u00edstica proposta para Pioneiros resume-se na frase:&nbsp;<strong>A Igreja em Constru\u00e7\u00e3o<\/strong>.<\/p>\n\n\n\n<p>Pressupondo o reconhecimento de que o Criador \u00e9 a fonte de todos os dons, considerando que Deus nos colocou neste mundo para realizar um projecto de felicidade para toda a Humanidade, e tendo por base, ainda, que a nossa participa\u00e7\u00e3o nesse projecto tem origem na Alian\u00e7a que Deus firmou com os Homens, o Pioneiro come\u00e7a a descobrir as consequ\u00eancias de ter caminhado em direc\u00e7\u00e3o \u00e0 Terra Prometida. Ou seja, \u00e9 hora de amadurecer a f\u00e9 que professa, e \u00e9 altura para redescobrir o significado do seu baptismo, mediante o qual foi configurado com Cristo.<\/p>\n\n\n\n<p>O Pioneiro descobre que ser membro de Cristo faz dele art\u00edfice da Nova Humanidade. Descobre ainda que \u00e9 parte de um todo mais vasto e que, no respeito absoluto pela sua individualidade, ele \u00e9 membro da Igreja, Corpo M\u00edstico de Cristo.<\/p>\n\n\n\n<p>Provavelmente, ser\u00e1 mais imediato o reconhecimento do valor da comunidade, numa escala menor, isto \u00e9, na equipa. Depois desse reconhecimento, seguir-se-\u00e1 a abertura aos outros e, num n\u00edvel mais amadurecido, a consci\u00eancia de que cada baptizado \u00e9 membro activo da Igreja e que, portanto, tem um papel \u00fatil, necess\u00e1rio e insubstitu\u00edvel na Comunidade Crist\u00e3. \u00c9 importante recordar que a M\u00edstica representa um ideal a alcan\u00e7ar no final da passagem pela terceira Sec\u00e7\u00e3o.<\/p>\n\n\n\n<p>Esta M\u00edstica sugere ao Pioneiro que ele \u00e9 chamado a colocar os seus talentos ao servi\u00e7o da Comunidade e a assumir a tarefa de ser construtor de comunh\u00e3o. Tem, por isso, um sentido profundamente eclesiol\u00f3gico.<\/p>\n\n\n\n<p>A simbologia ajuda-nos a perceber a identidade dos Pioneiros.<\/p>\n\n\n\n<p><strong>Rosa dos Ventos<\/strong><br>O s\u00edmbolo identificativo da terceira Sec\u00e7\u00e3o \u00e9 a Rosa dos Ventos. S\u00edmbolo do rumo certo, da boa escolha e da decis\u00e3o ponderada, \u00e9 o s\u00edmbolo daquilo que \u00e9 a vida do Pioneiro, nas suas escolhas, na sua atitude, no que quer dos outros. Portador de vontades, agregador de desejos e de disponibilidade, o Pioneiro tem a vontade de, ele pr\u00f3prio, mudar o mundo e arriscar.<\/p>\n\n\n\n<p><strong>Gota de \u00c1gua<\/strong><br>S\u00edmbolo da pureza, s\u00edmbolo do Pioneiro, do jovem enquanto pessoa, indiv\u00edduo, que \u00e9 transparente \u2013 consigo pr\u00f3prio e com os outros; que \u00e9 alento e alimento para os que o rodeiam; que faz parte de um grupo juntando-se a outras gotas e tornando-se corrente.<\/p>\n\n\n\n<p><strong>Machado<\/strong><br>S\u00edmbolo da constru\u00e7\u00e3o e da ac\u00e7\u00e3o, representa aquilo que \u00e9 o potencial do Pioneiro, das suas capacidades, da sua energia transformadora, do resultado final da combina\u00e7\u00e3o do que quer com o que sabe\u2026.<\/p>\n\n\n\n<p><strong>Icthus<\/strong><br>O peixe simboliza Jesus Cristo. A palavra \u00abpeixe\u00bb, em grego, escreve-se icthus e, esse s\u00edmbolo foi adoptado pelos primeiros crist\u00e3os perseguidos com um sentido catequ\u00e9tico\/simb\u00f3lico, em que cada letra \u00e9 a inicial de uma palavra: \u00abJesus Cristo, Filho de Deus Salvador\u00bb (Iesus Christos Theou Uios Soter).<\/p>\n\n\n\n<h3 id=\"ora\u00e7\u00e3odoescuta\">Ora\u00e7\u00e3o do Escuta<\/h3>\n\n\n\n<p>Senhor Jesus,<br>Ensinai-me a ser generoso,<br>A servir-Vos como V\u00f3s o mereceis,<br>A dar-me sem medida,<br>A combater sem cuidar das feridas,<br>A trabalhar sem procurar descanso,<br>A gastar-me sem esperar outra recompensa,<br>Sen\u00e3o saber que fa\u00e7o a Vossa vontade santa.<br>\u00c1men.<\/p>\n\n\n\n<p><\/p>\n\n\n\n\n\t\t<!-- MasterSlider -->\n\t\t<div id=\"P_MS6a035368bc48d\" class=\"master-slider-parent msl ms-parent-id-7\" style=\"max-width:800px;\"  >\n\n\t\t\t\n\t\t\t<!-- MasterSlider Main -->\n\t\t\t<div id=\"MS6a035368bc48d\" class=\"master-slider ms-skin-default\" >\n\t\t\t\t \t\t\t\t \n\t\t\t\t<div  class=\"ms-slide\" data-delay=\"3\" data-fill-mode=\"fit\"  >\n\t\t\t\t\t<img src=\"https:\/\/5.escutismo.pt\/wp-content\/plugins\/master-slider\/public\/assets\/css\/blank.gif\" alt=\"\" title=\"\" data-src=\"https:\/\/5.escutismo.pt\/wp-content\/uploads\/2021\/02\/69804914_423355811624941_1119026833887592448_o.jpg\" \/>\n\n\n\t<img class=\"ms-thumb\" src=\"https:\/\/5.escutismo.pt\/wp-content\/uploads\/2021\/02\/69804914_423355811624941_1119026833887592448_o-140x80.jpg\" alt=\"\" \/>\n\t<div class=\"ms-thumb\" ><div class=\"ms-tab-context\"><div class=&quot;ms-tab-context&quot;><\/div><\/div>\n<\/div>\n\t\t\t\t<\/div>\n\t\t\t\t<div  class=\"ms-slide\" data-delay=\"3\" data-fill-mode=\"fit\"  >\n\t\t\t\t\t<img src=\"https:\/\/5.escutismo.pt\/wp-content\/plugins\/master-slider\/public\/assets\/css\/blank.gif\" alt=\"\" title=\"\" data-src=\"https:\/\/5.escutismo.pt\/wp-content\/uploads\/2021\/02\/56892248_350211162272740_5768736240736141312_n.jpg\" \/>\n\n\n\t<img class=\"ms-thumb\" src=\"https:\/\/5.escutismo.pt\/wp-content\/uploads\/2021\/02\/56892248_350211162272740_5768736240736141312_n-140x80.jpg\" alt=\"\" \/>\n\t<div class=\"ms-thumb\" ><div class=\"ms-tab-context\"><div class=&quot;ms-tab-context&quot;><\/div><\/div>\n<\/div>\n\t\t\t\t<\/div>\n\t\t\t\t<div  class=\"ms-slide\" data-delay=\"3\" data-fill-mode=\"fit\"  >\n\t\t\t\t\t<img src=\"https:\/\/5.escutismo.pt\/wp-content\/plugins\/master-slider\/public\/assets\/css\/blank.gif\" alt=\"\" title=\"\" data-src=\"https:\/\/5.escutismo.pt\/wp-content\/uploads\/2021\/02\/2021-02-01.png\" \/>\n\n\n\t<img class=\"ms-thumb\" src=\"https:\/\/5.escutismo.pt\/wp-content\/uploads\/2021\/02\/2021-02-01-140x80.png\" alt=\"\" \/>\n\t<div class=\"ms-thumb\" ><div class=\"ms-tab-context\"><div class=&quot;ms-tab-context&quot;><\/div><\/div>\n<\/div>\n\t\t\t\t<\/div>\n\t\t\t\t<div  class=\"ms-slide\" data-delay=\"3\" data-fill-mode=\"fit\"  >\n\t\t\t\t\t<img src=\"https:\/\/5.escutismo.pt\/wp-content\/plugins\/master-slider\/public\/assets\/css\/blank.gif\" alt=\"\" title=\"\" data-src=\"https:\/\/5.escutismo.pt\/wp-content\/uploads\/2021\/02\/2021-02-01-3.png\" \/>\n\n\n\t<img class=\"ms-thumb\" src=\"https:\/\/5.escutismo.pt\/wp-content\/uploads\/2021\/02\/2021-02-01-3-140x80.png\" alt=\"\" \/>\n\t<div class=\"ms-thumb\" ><div class=\"ms-tab-context\"><div class=&quot;ms-tab-context&quot;><\/div><\/div>\n<\/div>\n\t\t\t\t<\/div>\n\t\t\t\t<div  class=\"ms-slide\" data-delay=\"3\" data-fill-mode=\"fit\"  >\n\t\t\t\t\t<img src=\"https:\/\/5.escutismo.pt\/wp-content\/plugins\/master-slider\/public\/assets\/css\/blank.gif\" alt=\"\" title=\"\" data-src=\"https:\/\/5.escutismo.pt\/wp-content\/uploads\/2021\/02\/2021-02-01-2.png\" \/>\n\n\n\t<img class=\"ms-thumb\" src=\"https:\/\/5.escutismo.pt\/wp-content\/uploads\/2021\/02\/2021-02-01-2-140x80.png\" alt=\"\" \/>\n\t<div class=\"ms-thumb\" ><div class=\"ms-tab-context\"><div class=&quot;ms-tab-context&quot;><\/div><\/div>\n<\/div>\n\t\t\t\t<\/div>\n\t\t\t\t<div  class=\"ms-slide\" data-delay=\"3\" data-fill-mode=\"fit\"  >\n\t\t\t\t\t<img src=\"https:\/\/5.escutismo.pt\/wp-content\/plugins\/master-slider\/public\/assets\/css\/blank.gif\" alt=\"\" title=\"\" data-src=\"https:\/\/5.escutismo.pt\/wp-content\/uploads\/2021\/02\/2021-02-01-1.png\" \/>\n\n\n\t<img class=\"ms-thumb\" src=\"https:\/\/5.escutismo.pt\/wp-content\/uploads\/2021\/02\/2021-02-01-1-140x80.png\" alt=\"\" \/>\n\t<div class=\"ms-thumb\" ><div class=\"ms-tab-context\"><div class=&quot;ms-tab-context&quot;><\/div><\/div>\n<\/div>\n\t\t\t\t<\/div>\n\n\t\t\t<\/div>\n\t\t\t<!-- END MasterSlider Main -->\n\n\t\t\t \n\t\t<\/div>\n\t\t<!-- END MasterSlider -->\n\n\t\t<script>\n\t\t(function ( $ ) {\n\t\t\t\"use strict\";\n\n\t\t\t$(function () {\n\t\t\t\tvar masterslider_c48d = new MasterSlider();\n\n\t\t\t\t\/\/ slider controls\n\t\t\t\tmasterslider_c48d.control('arrows'     ,{ autohide:false, overVideo:true  });\t\t\t\tmasterslider_c48d.control('bullets'    ,{ autohide:false, overVideo:true, dir:'h', align:'bottom' , margin:10  });\n\n\t\t\t\tmasterslider_c48d.control('thumblist'  ,{ autohide:false, overVideo:true, dir:'h', speed:17, inset:false, arrows:false, hover:false, customClass:'', align:'bottom',type:'thumbs', margin:5, width:140, height:80, space:5, fillMode:'fill'  });\n\t\t\t\t\/\/ slider setup\n\t\t\t\tmasterslider_c48d.setup(\"MS6a035368bc48d\", {\n\t\t\t\t\t\twidth           : 626,\n\t\t\t\t\t\theight          : 344,\n\t\t\t\t\t\tminHeight       : 0,\n\t\t\t\t\t\tspace           : 0,\n\t\t\t\t\t\tstart           : 1,\n\t\t\t\t\t\tgrabCursor      : true,\n\t\t\t\t\t\tswipe           : true,\n\t\t\t\t\t\tmouse           : true,\n\t\t\t\t\t\tlayout          : \"boxed\",\n\t\t\t\t\t\twheel           : false,\n\t\t\t\t\t\tautoplay        : false,\n\t\t\t\t\t\tinstantStartLayers:false,\n\t\t\t\t\t\tloop            : false,\n\t\t\t\t\t\tshuffle         : false,\n\t\t\t\t\t\tpreload         : 0,\n\t\t\t\t\t\theightLimit     : true,\n\t\t\t\t\t\tautoHeight      : false,\n\t\t\t\t\t\tsmoothHeight    : true,\n\t\t\t\t\t\tendPause        : false,\n\t\t\t\t\t\toverPause       : true,\n\t\t\t\t\t\tfillMode        : \"fill\",\n\t\t\t\t\t\tcenterControls  : true,\n\t\t\t\t\t\tstartOnAppear   : false,\n\t\t\t\t\t\tlayersMode      : \"center\",\n\t\t\t\t\t\thideLayers      : false,\n\t\t\t\t\t\tfullscreenMargin: 0,\n\t\t\t\t\t\tspeed           : 20,\n\t\t\t\t\t\tdir             : \"h\",\n\t\t\t\t\t\tparallaxMode    : 'swipe',\n\t\t\t\t\t\tview            : \"basic\"\n\t\t\t\t});\n\n\t\t\t\t\n\t\t\t\twindow.masterslider_instances = window.masterslider_instances || [];\n\t\t\t\twindow.masterslider_instances.push( masterslider_c48d );\n\t\t\t });\n\n\t\t})(jQuery);\n\t\t<\/script>\n\n\n\n\n\n<p><\/p>\n","protected":false},"excerpt":{"rendered":"<p>Organiza\u00e7\u00e3o III\u00aa Sec\u00e7\u00e3o \u2022 os elementos s\u00e3o denominados&nbsp;Pioneiros&nbsp;e as suas idades entre os 14 e os 18 anos;\u2022 os Pioneiros est\u00e3o divididos em&nbsp;Equipas&nbsp;de 4 a 8 elementos;\u2022 denomina-se&nbsp;Comunidade&nbsp;a Unidade formada pelas Equipas de Pioneiros, de 2 a 5 Equipas;\u2022 cada Equipa escolhe para&nbsp;Patrono um Santo da Igreja, Pioneiro da Humanidade ou Her\u00f3i Nacional, cuja vida &hellip; <\/p>\n<p class=\"link-more\"><a href=\"https:\/\/5.escutismo.pt\/?page_id=42\" class=\"more-link\">Continuar a ler <span class=\"screen-reader-text\">&#8220;Comunidade n\u00ba111 S. Jo\u00e3o Baptista&#8221;<\/span><\/a><\/p>\n","protected":false},"author":1,"featured_media":0,"parent":0,"menu_order":0,"comment_status":"closed","ping_status":"closed","template":"","meta":[],"_links":{"self":[{"href":"https:\/\/5.escutismo.pt\/index.php?rest_route=\/wp\/v2\/pages\/42"}],"collection":[{"href":"https:\/\/5.escutismo.pt\/index.php?rest_route=\/wp\/v2\/pages"}],"about":[{"href":"https:\/\/5.escutismo.pt\/index.php?rest_route=\/wp\/v2\/types\/page"}],"author":[{"embeddable":true,"href":"https:\/\/5.escutismo.pt\/index.php?rest_route=\/wp\/v2\/users\/1"}],"replies":[{"embeddable":true,"href":"https:\/\/5.escutismo.pt\/index.php?rest_route=%2Fwp%2Fv2%2Fcomments&post=42"}],"version-history":[{"count":12,"href":"https:\/\/5.escutismo.pt\/index.php?rest_route=\/wp\/v2\/pages\/42\/revisions"}],"predecessor-version":[{"id":578,"href":"https:\/\/5.escutismo.pt\/index.php?rest_route=\/wp\/v2\/pages\/42\/revisions\/578"}],"wp:attachment":[{"href":"https:\/\/5.escutismo.pt\/index.php?rest_route=%2Fwp%2Fv2%2Fmedia&parent=42"}],"curies":[{"name":"wp","href":"https:\/\/api.w.org\/{rel}","templated":true}]}}