{"id":343,"date":"2021-01-11T18:25:39","date_gmt":"2021-01-11T18:25:39","guid":{"rendered":"https:\/\/5.escutismo.pt\/?page_id=343"},"modified":"2022-08-08T22:54:41","modified_gmt":"2022-08-08T22:54:41","slug":"conjunto-musical-flor-de-lis","status":"publish","type":"page","link":"https:\/\/5.escutismo.pt\/?page_id=343","title":{"rendered":"Hist\u00f3ria do Conjunto musical Flor-de-Lis"},"content":{"rendered":"\n<div class=\"wp-block-image\"><figure class=\"alignright size-large is-resized\"><img loading=\"lazy\" src=\"https:\/\/5.escutismo.pt\/wp-content\/uploads\/2021\/01\/3-simbolo-flor-de-lis-vf-633x1024.jpg\" alt=\"\" class=\"wp-image-348\" width=\"164\" height=\"265\" srcset=\"https:\/\/5.escutismo.pt\/wp-content\/uploads\/2021\/01\/3-simbolo-flor-de-lis-vf-633x1024.jpg 633w, https:\/\/5.escutismo.pt\/wp-content\/uploads\/2021\/01\/3-simbolo-flor-de-lis-vf-185x300.jpg 185w, https:\/\/5.escutismo.pt\/wp-content\/uploads\/2021\/01\/3-simbolo-flor-de-lis-vf.jpg 654w\" sizes=\"(max-width: 164px) 100vw, 164px\" \/><\/figure><\/div>\n\n\n\n<p>Em 1966, um grupo de escuteiros junta-se com alguma violas e boa disposi\u00e7\u00e3o e come\u00e7am a animar alguns fogos de conselho. Estava lan\u00e7ada a semente para a cria\u00e7\u00e3o do Conjunto musical Flor-de-Lis.<\/p>\n\n\n\n<p>Ap\u00f3s uma longa caminhada de muito sacrif\u00edcio por maior parte dos elementos e at\u00e9 contra algumas ideias menos corretas de alguns dirigentes na altura, eis que a  6 de mar\u00e7o de 1967, no sal\u00e3o da casa do Povo de Ronfe, surge para prestigiar o Agrupamento n\u00ba5 de Ronfe e o escutismo na regi\u00e3o, o Conjunto t\u00edpico Flor-de-Lis.<\/p>\n\n\n\n<p> <\/p>\n\n\n\n<figure class=\"wp-block-image size-large is-resized\"><img loading=\"lazy\" src=\"https:\/\/5.escutismo.pt\/wp-content\/uploads\/2021\/01\/Captura-de-ecra-2021-01-14-as-15.44.38-1.png\" alt=\"\" class=\"wp-image-352\" width=\"529\" height=\"397\" srcset=\"https:\/\/5.escutismo.pt\/wp-content\/uploads\/2021\/01\/Captura-de-ecra-2021-01-14-as-15.44.38-1.png 305w, https:\/\/5.escutismo.pt\/wp-content\/uploads\/2021\/01\/Captura-de-ecra-2021-01-14-as-15.44.38-1-300x225.png 300w\" sizes=\"(max-width: 529px) 100vw, 529px\" \/><figcaption>1\u00aa Gera\u00e7\u00e3o<\/figcaption><\/figure>\n\n\n\n<p>O 1\u00ba concerto \u00e9 dado na Casa do povo de Ronfe, com os seguintes elementos: Nel Andrade, Il\u00eddio Alves, Ant\u00f3nio Andrade, Vitorino Dias, Jo\u00e3o, Mauricio Alves, Jo\u00e3o Largueza, Armindo Ribeiro e Cust\u00f3dio Oliveira. Desde o seu inicio, o Conjunto se prop\u00f4s a ser o suporte de \u00edndole cultural e recreativo para as festas de campo e uma das poss\u00edveis ajudas a n\u00edvel financeiro ao Agrupamento n\u00ba5.<\/p>\n\n\n\n<p>Desde ent\u00e3o, as atua\u00e7\u00f5es n\u00e3o pararam e em 1971, entram novos elementos, para substituir a sa\u00edda de alguns elementos, nascendo assim a 2\u00aa gera\u00e7\u00e3o com, Quim da Rosa, Jos\u00e9 Faria, Zeca Rodrigues, Bel\u00e9m Machado, Nela Ferreira, Isabel, Fernando Costa e Ant\u00f3nio Augusto. <\/p>\n\n\n\n<figure class=\"wp-block-image size-large is-resized\"><img loading=\"lazy\" src=\"https:\/\/5.escutismo.pt\/wp-content\/uploads\/2021\/01\/Captura-de-ecra-2021-01-14-as-16.01.05.png\" alt=\"\" class=\"wp-image-353\" width=\"369\" height=\"501\" srcset=\"https:\/\/5.escutismo.pt\/wp-content\/uploads\/2021\/01\/Captura-de-ecra-2021-01-14-as-16.01.05.png 227w, https:\/\/5.escutismo.pt\/wp-content\/uploads\/2021\/01\/Captura-de-ecra-2021-01-14-as-16.01.05-221x300.png 221w\" sizes=\"(max-width: 369px) 100vw, 369px\" \/><figcaption>2\u00aa Gera\u00e7\u00e3o<\/figcaption><\/figure>\n\n\n\n<p>Mais tarde, apareceram os Duos &#8220;Estrela de Alvar&#8221;, formado por Nel Andrade e \u00cdlidio Alves e &#8220;Chama Azul&#8221;, formado por Nel Andrade e Jo\u00e3o. No mesmo ano, nasce o trio &#8220;Rouxinol do Ave&#8221;, formado pelos 3 irm\u00e3os Abreu\u00b4s, Paula Abreu, Jonel Abreu E Ricardo Abreu. os mesmos que fizeram parte da 3\u00aa gera\u00e7\u00e3o com, Maur\u00edcio Alves, T\u00f3 Z\u00e9 Lobo, Paula Abreu, Am\u00e9lia Forte, Domingos Oliveira e Juca.<\/p>\n\n\n\n<figure class=\"wp-block-image size-large is-resized\"><img loading=\"lazy\" src=\"https:\/\/5.escutismo.pt\/wp-content\/uploads\/2021\/01\/Captura-de-ecra-2021-01-14-as-16.06.23.png\" alt=\"\" class=\"wp-image-355\" width=\"545\" height=\"356\" srcset=\"https:\/\/5.escutismo.pt\/wp-content\/uploads\/2021\/01\/Captura-de-ecra-2021-01-14-as-16.06.23.png 328w, https:\/\/5.escutismo.pt\/wp-content\/uploads\/2021\/01\/Captura-de-ecra-2021-01-14-as-16.06.23-300x196.png 300w\" sizes=\"(max-width: 545px) 100vw, 545px\" \/><figcaption>3\u00aa Gera\u00e7\u00e3o<\/figcaption><\/figure>\n\n\n\n<p>Em 1975, aparece o grupo musical &#8220;Frates&#8221;, composto por elementos que durante v\u00e1rios anos, animaram o Flor-de-Lis e onde se iniciaram musicalmente. Em 1977, o Conjunto Flor-de-Lis, comemora o seu 10\u00ba anivers\u00e1rio, assinalado com um grande espect\u00e1culo com todos os que passaram por este grupo musical. Em 1980, nasce a 4\u00aa gera\u00e7\u00e3o, com Sid\u00f3nio Rodrigues, Alberto Lopes, Ant\u00f3nio Lopes, Francisco Lima e Fernando Andrade. Em 1982, \u00e9 criado por antigos elementos do Conjunto Flor-de-Lis, o grupo de m\u00fasica popular &#8220;Origens&#8221;. Nesse mesmo ano, festeja-se o 15\u00ba anivers\u00e1rio do Conjunto Flor-de-Lis, organizado pela 4\u00aa gera\u00e7\u00e3o. A 4 de novembro de 1984, realizou-se o I festival da can\u00e7\u00e3o escutista de Ronfe. Em 1985, \u00e9 criado por um antigo fundador do Conjunto Flor-de-Lis, o grupo musical infantil &#8220;Seara Nova&#8221;, que era constitu\u00eddo por alguns Lobitos do Agrupamento n\u00ba5. A 1 de janeiro de 1986, o Agrupamento n\u00ba5, oferece ao p\u00fablico um grande espet\u00e1culo musical, em que estiveram presentes 4 grupos musicais: Conjunto Flor-de-Lis, Os Frates, Origens e Seara Nova.<\/p>\n\n\n\n<figure class=\"wp-block-image size-large is-resized\"><img loading=\"lazy\" src=\"https:\/\/5.escutismo.pt\/wp-content\/uploads\/2021\/01\/Captura-de-ecra-2021-01-14-as-16.24.04.png\" alt=\"\" class=\"wp-image-360\" width=\"584\" height=\"374\" srcset=\"https:\/\/5.escutismo.pt\/wp-content\/uploads\/2021\/01\/Captura-de-ecra-2021-01-14-as-16.24.04.png 362w, https:\/\/5.escutismo.pt\/wp-content\/uploads\/2021\/01\/Captura-de-ecra-2021-01-14-as-16.24.04-300x192.png 300w\" sizes=\"(max-width: 584px) 100vw, 584px\" \/><figcaption>4\u00aa Gera\u00e7\u00e3o<\/figcaption><\/figure>\n\n\n\n<p>No in\u00edcio dos anos 90, nasce a 5\u00aa gera\u00e7\u00e3o, constitu\u00edda por Manuel Andrade, S\u00e9rgio, Orlando, Miguel, Jorge, Vitor, Francisco, Armando e Eurico. Nasce tamb\u00e9m o grupo de cavaquinhos do Agrupamento n\u00ba5. Em 1992, o Conjunto Flor-de-Lis, comemora o seu 25\u00ba anivers\u00e1rio, assinalado com um grande espet\u00e1culo musical. Nesse mesmo ano, nasce o grupo Imakulados, formado por alguns elementos da 5\u00aa gera\u00e7\u00e3o do Conjunto Flor-de-Lis. Em 1994, o Conjunto Flor-de-Lis, participa num festival escutista em Braga, no qual ficou em 2\u00ba lugar, com a m\u00fasica &#8220;Na pista do c\u00e9u&#8221;, com letra e m\u00fasica de Jonel Abreu. A 19 de fevereiro de 1995, o Agrupamento n\u00ba5, inicia as suas comemora\u00e7\u00f5es dos 60 anos, e nesse \u00e2mbito foi realizado o 2\u00ba festival da can\u00e7\u00e3o escutista, realizado a 8 de abril, onde saiu vencedora a can\u00e7\u00e3o do Agrupamento 1005. Neste espet\u00e1culo, o Conjunto Flor-de-Lis, participou com a m\u00fasica &#8220;Escuteiro, segue o teu caminho&#8221;. No final desse ano, nasce tamb\u00e9m o grupo Diverg\u00eancia, formado por alguns elementos da 5\u00aa gera\u00e7\u00e3o do Conjunto Flor-de-Lis.<\/p>\n\n\n\n<figure class=\"wp-block-image size-large is-resized\"><img loading=\"lazy\" src=\"https:\/\/5.escutismo.pt\/wp-content\/uploads\/2021\/01\/5a.png\" alt=\"\" class=\"wp-image-365\" width=\"470\" height=\"459\"\/><figcaption>5\u00aa Gera\u00e7\u00e3o<\/figcaption><\/figure>\n\n\n\n<p>Em 1996, nasce a 6\u00aa gera\u00e7\u00e3o, constitu\u00edda por S\u00e9rgio Lemos, Nuno Azevedo, Hugo Abreu, Elisabete Vieira, Alexandre Oliveira, Gon\u00e7alo Abreu e Pedro Salgado. O grupo foi coordenado pelo Nel Andrade, elemento que fez parte da 1\u00aa gera\u00e7\u00e3o. No ano seguinte, participaram pela 1\u00aa vez no Guimar\u00e3es a Cantar e obtiveram o 5\u00ba lugar. Realizou-se tamb\u00e9m, o 3\u00ba festival da can\u00e7\u00e3o escutista, no qual o Conjunto Flor-de-Lis participa com a m\u00fasica &#8220;A tua vida \u00e9 uma viagem&#8221;. Em 1998, o cl\u00e3 19 do Agrupamento n\u00ba5, participa no 1\u00ba festival Monsenhor Am\u00e9rico, realizado na P\u00f3voa de Varzim, com a m\u00fasica &#8220;B.-P.&#8221;. A 6 de mar\u00e7o, falece um dos fundadores do Conjunto Flor-de-Lis, o Nel Andrade.<\/p>\n\n\n\n<figure class=\"wp-block-image size-large is-resized\"><img loading=\"lazy\" src=\"https:\/\/5.escutismo.pt\/wp-content\/uploads\/2021\/01\/Captura-de-ecra-2021-01-14-as-16.50.29.png\" alt=\"\" class=\"wp-image-369\" width=\"532\" height=\"374\" srcset=\"https:\/\/5.escutismo.pt\/wp-content\/uploads\/2021\/01\/Captura-de-ecra-2021-01-14-as-16.50.29.png 334w, https:\/\/5.escutismo.pt\/wp-content\/uploads\/2021\/01\/Captura-de-ecra-2021-01-14-as-16.50.29-300x211.png 300w\" sizes=\"(max-width: 532px) 100vw, 532px\" \/><figcaption>6\u00aa Gera\u00e7\u00e3o<\/figcaption><\/figure>\n\n\n\n<p>Em 2002, nasce a 7\u00aa gera\u00e7\u00e3o, composta por Sara Salazar, Filipa Costa, Z\u00e9 Pedro, Nuno Machado, Leandro Dias e Leonel Dias. Mais tarde juntaram-se a estes o Rui Gomes e a Joana. Esta gera\u00e7\u00e3o, foi coordenada por Marco Barros e S\u00e9rgio Lemos(antigo elemento da 6\u00aa gera\u00e7\u00e3o). A 5 de Mar\u00e7o, realiza-se um espet\u00e1culo em homenagem ao falecido Nel Andrade, onde participaram todas as gera\u00e7\u00f5es do Conjunto Flor-de-Lis at\u00e9 \u00e0 data. Em 2003, o Conjunto Flor-de-Lis, participa na 4\u00aa edi\u00e7\u00e3o do festival Monsenhor Am\u00e9rico em Pevid\u00e9m. Em 2004, o Conjunto Flor-de-Lis, participa na 5\u00aa edi\u00e7\u00e3o do festival Monsenhor Am\u00e9rico em Fafe com a m\u00fasica &#8220;Para mim&#8221;. Em 2005, o Conjunto Flor-de-Lis participa na 6\u00aa edi\u00e7\u00e3o do festival Monsenhor Am\u00e9rico na P\u00f3voa de Lanhoso. Participa tamb\u00e9m, nas comemora\u00e7\u00f5es dos 70 anos do Agrupamento n\u00ba5, com o hino. Realizou-se tamb\u00e9m, a 4\u00aa edi\u00e7\u00e3o do festival da can\u00e7\u00e3o escutista, em que o Conjunto Flor-de-Lis animou a 2\u00aa parte. Nesse mesmo ano, o Cl\u00e3 19 do Agrupamento n\u00ba5, que tinha alguns antigos elementos do Conjunto Flor-de-Lis, participa no festival nacional da can\u00e7\u00e3o escutista realizado no Porto, arrebatando o 1\u00ba lugar com a m\u00fasica &#8220;D\u00e1-me a tua m\u00e3o&#8221;. Em 2006, alguns escuteiros, formam um grupo de m\u00fasica Trilhos, onde participaram na 7\u00aa edi\u00e7\u00e3o do festival Monsenhor Am\u00e9rico em Vieira do Minho, ficando em 3\u00ba lugar com a m\u00fasica &#8220;Viver o Escutismo&#8221;. No mesmo ano, participou tamb\u00e9m, no Guimar\u00e3es a Cantar, com a m\u00fasica &#8220;Na manh\u00e3 dos teus olhos&#8221;. Este grupo, foi ainda convidado para as comemora\u00e7\u00f5es dos 60 anos do escutismo em Bairro e para os 70 anos de escutismo em Vermil. Nesse ano, o Cl\u00e3 19 do Agrupamento n\u00ba5, organiza o 7\u00ba festival nacional da can\u00e7\u00e3o escutista em Guimar\u00e3es, participando com o hino da atividade, &#8220;100 vozes a conquistar&#8221;. <\/p>\n\n\n\n<figure class=\"wp-block-image size-large is-resized\"><img loading=\"lazy\" src=\"https:\/\/5.escutismo.pt\/wp-content\/uploads\/2021\/01\/Captura-de-ecra-2021-01-14-as-17.09.24.png\" alt=\"\" class=\"wp-image-375\" width=\"512\" height=\"363\"\/><figcaption>7\u00aa Gera\u00e7\u00e3o<\/figcaption><\/figure>\n\n\n\n<p>Em 2006, nasce a 8\u00aa gera\u00e7\u00e3o, constitu\u00edda por Filipa, Diana, Joana, Tom\u00e9, Passos, Leandro, Leonel, Pedro, Jo\u00e3o Paulo, Beatriz e Nuno. Esta gera\u00e7\u00e3o foi coordenada por Marco Barros. Neste ano, tamb\u00e9m nasceram os grupos de m\u00fasica e dan\u00e7a, formados por alguns elementos da 7\u00aa gera\u00e7\u00e3o, Dialectos, Shemoves, e Musicalma. Em 2007, o Conjunto Flor-de-Lis participou na 8\u00aa edi\u00e7\u00e3o do festival Monsenhor Am\u00e9rico em Braga, ficando em 2\u00ba lugar com a m\u00fasica &#8220;B.P. Chefe mundial&#8221;. O grupo &#8220;Trilhos&#8221;, participou no Guimar\u00e3es a Cantar e o Cl\u00e3 19 do Agrupamento n\u00ba5, no 8\u00ba festival da can\u00e7\u00e3o escutista, realizado em Gaia com a m\u00fasica &#8220;Tesouros de vida&#8221;, obtendo o pr\u00e9mio de melhor interpreta\u00e7\u00e3o. \u00c9 criado tamb\u00e9m nesse ano, o pr\u00e9mio Nel Andrade, com o intuito de homenagear, o escuteiro que mais se distingue na m\u00fasica anualmente. A 4 de novembro, o Conjunto Flor-de-Lis, festejou o seu 40\u00ba anivers\u00e1rio. Organizou um festival de gera\u00e7\u00f5es, no sal\u00e3o paroquial de Ronfe, onde fez uma homenagem aos seus fundadores e que reuniu em palco todas as gera\u00e7\u00f5es que passaram pelo Conjunto Flor-de-Lis. Neste festival, foi tamb\u00e9m atribu\u00eddo o pr\u00e9mio Nel Andrade aos fundadores do Conjunto Flor-de-Lis. Em 2008, o Conjunto Flor-de-Lis participou na 9\u00aa edi\u00e7\u00e3o do festival Monsenhor Am\u00e9rico, realizado em Barcelos, com a m\u00fasica &#8220;O meu compromisso&#8221;. Nesse ano, um grupo de dirigentes e caminheiros, juntaram-se e participaram no Guimar\u00e3es a Cantar, com a m\u00fasica &#8220;Ser testemunha&#8221;, o qual integrava os elementos, Emilie Gomes, Alexandre Oliveira, Manuel Andrade, Vera, Marco Barros, S\u00e9rgio Lemos e Nuno Azevedo. Neste ano, ganha o pr\u00e9mio Nel Andrade, o dirigente Francisco Gomes.<\/p>\n\n\n\n<figure class=\"wp-block-image size-large is-resized\"><img loading=\"lazy\" src=\"https:\/\/5.escutismo.pt\/wp-content\/uploads\/2021\/01\/Captura-de-ecra-2021-01-15-as-10.14.21.png\" alt=\"\" class=\"wp-image-378\" width=\"578\" height=\"364\" srcset=\"https:\/\/5.escutismo.pt\/wp-content\/uploads\/2021\/01\/Captura-de-ecra-2021-01-15-as-10.14.21.png 337w, https:\/\/5.escutismo.pt\/wp-content\/uploads\/2021\/01\/Captura-de-ecra-2021-01-15-as-10.14.21-300x189.png 300w\" sizes=\"(max-width: 578px) 100vw, 578px\" \/><figcaption>8\u00aa Gera\u00e7\u00e3o<\/figcaption><\/figure>\n\n\n\n<p>No inicio do ano escutista 2009\/10, nasce a 9\u00aa gera\u00e7\u00e3o, composta por Beatriz, Jo\u00e3o Paulo, Nuno, Pedro Mendes, Diogo e Pedro Matias. Esta gera\u00e7\u00e3o foi coordenada por Marco Barros. Mais  tarde, esta gera\u00e7\u00e3o participou na 11\u00aa edi\u00e7\u00e3o do festival Monsenhor Am\u00e9rico, com a m\u00fasica &#8220;Como S. Nuno&#8221;, que se realizou em Vila Verde. Neste festival o Conjunto Flor-de-Lis, recebeu uma men\u00e7\u00e3o honrosa da parte do j\u00fari. Neste ano, nasceu o grupo musical Sigla Dep, formado por alguns elementos da 8\u00aa gera\u00e7\u00e3o. O vencedor da 3\u00aa edi\u00e7\u00e3o do pr\u00e9mio Nel Andrade foi o Tom\u00e9 Dias. Em 2010, o vencedor da 4\u00aa edi\u00e7\u00e3o do pr\u00e9mio Nel Andrade, foi o Nuno Oliveira. O Agrupamento n\u00ba5, organizou um espet\u00e1culo humanit\u00e1rio, para ajudar as vitimas do terramoto que aconteceu no Haiti, tendo tamb\u00e9m a participa\u00e7\u00e3o do Conjunto Flor-de-Lis. Em 2011, o Conjunto Flor-de-Lis participou nos festivais Monsenhor Am\u00e9rico, obtendo o 3\u00ba lugar e no Guimar\u00e3es a Cantar, obtendo tamb\u00e9m o 3\u00ba lugar e a melhor interpreta\u00e7\u00e3o. Mais tarde, entraram para a 9\u00aa gera\u00e7\u00e3o o Jo\u00e3o, o Gon\u00e7alo, a In\u00eas, a Claudia, a Adriana e a Juliana. O vencedor da 5\u00aa edi\u00e7\u00e3o do pr\u00e9mio Nel Andrade, foi atribu\u00eddo ao Marco Barros por toda a dedica\u00e7\u00e3o dada ao Conjunto Flor-de-Lis.  O vencedor da 6\u00aa edi\u00e7\u00e3o do pr\u00e9mio Nel Andrade, foi atribu\u00eddo ao Leandro Dias. A 11 de mar\u00e7o de 2012, o Conjunto Flor-de-Lis comemorou o seu 45\u00ba anivers\u00e1rio, num espet\u00e1culo realizado no sal\u00e3o paroquial de Ronfe, onde reuniu todas as gera\u00e7\u00f5es at\u00e9 \u00e0 data, brindando-nos com um festival de m\u00fasicas animadas pelas v\u00e1rias gera\u00e7\u00f5es e neste mesmo anivers\u00e1rio foi lan\u00e7ado o cancioneiro &#8220;A voz de gera\u00e7\u00f5es&#8221;.<\/p>\n\n\n\n<figure class=\"wp-block-image size-large is-resized\"><img loading=\"lazy\" src=\"https:\/\/5.escutismo.pt\/wp-content\/uploads\/2021\/01\/Captura-de-ecra-2021-01-15-as-10.37.47.png\" alt=\"\" class=\"wp-image-380\" width=\"584\" height=\"293\" srcset=\"https:\/\/5.escutismo.pt\/wp-content\/uploads\/2021\/01\/Captura-de-ecra-2021-01-15-as-10.37.47.png 389w, https:\/\/5.escutismo.pt\/wp-content\/uploads\/2021\/01\/Captura-de-ecra-2021-01-15-as-10.37.47-300x150.png 300w\" sizes=\"(max-width: 584px) 100vw, 584px\" \/><figcaption>9\u00aa Gera\u00e7\u00e3o<\/figcaption><\/figure>\n\n\n\n<p>Em 2013, nasce a 10\u00aa gera\u00e7\u00e3o, constitu\u00edda por Lu\u00eds, Tiago, Diogo, Gabriela, B\u00e1rbara. Esta gera\u00e7\u00e3o foi coordenada pelo Marco Barros, Leandro Dias e Francisca Seixas. Mais tarde, juntaram-se a esta gera\u00e7\u00e3o a Sofia, o Miguel e o Vasco. Em 2014, participaram no festival Monsenhor Am\u00e9rico, com a m\u00fasica &#8220;N\u00e3o tenhas medo&#8221;, que arrecadou o pr\u00e9mio do p\u00fablico. Ainda nesse ano, participaram no Guimar\u00e3es a Cantar com a m\u00fasica &#8220;Nenhum cora\u00e7\u00e3o \u00e9 uma ilha&#8221;, e obtiveram o pr\u00e9mio de melhor letra. Em 2015, participaram no festival Monsenhor Am\u00e9rico e arrecadaram o 1\u00ba lugar com a m\u00fasica &#8220;Para onde vais&#8221;. Em 2016, participaram no Guimar\u00e3es a Cantar com a m\u00fasica &#8220;Cantar-te&#8221;. Em mar\u00e7o de 2017, o Conjunto Flor-de-Lis comemorou o seu 50\u00ba anivers\u00e1rio, num espet\u00e1culo realizado no sal\u00e3o paroquial de Ronfe, onde reuniu todas as gera\u00e7\u00f5es at\u00e9 \u00e0 data, brindando-nos com um festival de m\u00fasicas animadas pelas v\u00e1rias gera\u00e7\u00f5es e foi tamb\u00e9m criado o hino dos 50 anos, com letra de Machado Abreu e Jonel Abreu, e a m\u00fasica de Jonel Abreu.<\/p>\n\n\n\n<figure class=\"wp-block-image size-large is-resized\"><img loading=\"lazy\" src=\"https:\/\/5.escutismo.pt\/wp-content\/uploads\/2021\/01\/10-g-FMA-2016.jpg\" alt=\"\" class=\"wp-image-480\" width=\"503\" height=\"375\"\/><figcaption>10\u00aa Gera\u00e7\u00e3o<\/figcaption><\/figure>\n\n\n\n<p>Em fevereiro de 2020, nasce a 11\u00aa gera\u00e7\u00e3o, constitu\u00edda inicialmente por Lara Mendes, Lara Oliveira, Ema Dias, Miguel Gon\u00e7alves, In\u00eas Sousa e Francisco Oliveira. Esta gera\u00e7\u00e3o foi inicialmente coordenada pelo S\u00e9rgio Lemos e Leandro Dias. No mesmo ano, em mar\u00e7o o Conjunto Flor-de-Lis, teve de suspender a sua atividade devido \u00e0 pandemia(covid-19) que se abateu pelo mundo nos anos 2020 e 2021. <\/p>\n\n\n\n<div class=\"wp-block-image\"><figure class=\"aligncenter size-large is-resized\"><img loading=\"lazy\" src=\"https:\/\/5.escutismo.pt\/wp-content\/uploads\/2022\/02\/WhatsApp-Image-2022-02-06-at-19.11.15-2-1024x768.jpeg\" alt=\"\" class=\"wp-image-620\" width=\"513\" height=\"383\"\/><\/figure><\/div>\n\n\n\n<p class=\"has-text-align-left\">Ap\u00f3s este longo per\u00edodo de suspens\u00e3o, foi s\u00f3 a 6 de fevereiro de 2022 que foi apresentada ao Agrupamento, a 11\u00aa gera\u00e7\u00e3o do Conjunto Flor-de-Lis, constitu\u00edda pela Lara Oliveira, In\u00eas Sousa e Miguel Gon\u00e7alves. Esta gera\u00e7\u00e3o foi coordenada pelo S\u00e9rgio Pereira, com a ajuda do Leandro Dias e Catarina Dias. <\/p>\n\n\n\n<figure class=\"wp-block-image size-large is-resized\"><img loading=\"lazy\" src=\"https:\/\/5.escutismo.pt\/wp-content\/uploads\/2022\/08\/WhatsApp-Image-2022-08-08-at-23.39.36.jpeg\" alt=\"\" class=\"wp-image-631\" width=\"474\" height=\"313\" srcset=\"https:\/\/5.escutismo.pt\/wp-content\/uploads\/2022\/08\/WhatsApp-Image-2022-08-08-at-23.39.36.jpeg 1017w, https:\/\/5.escutismo.pt\/wp-content\/uploads\/2022\/08\/WhatsApp-Image-2022-08-08-at-23.39.36-300x199.jpeg 300w, https:\/\/5.escutismo.pt\/wp-content\/uploads\/2022\/08\/WhatsApp-Image-2022-08-08-at-23.39.36-768x509.jpeg 768w\" sizes=\"(max-width: 474px) 100vw, 474px\" \/><\/figure>\n\n\n\n<p>No ano de 2022,\u00a0o conjunto de m\u00fasica Flor de Lis celebrou os seus 55 anos de uma vida dedicada ao ensino da m\u00fasica. Realizaram-se 2 momentos celebrativos, no dia 6 de mar\u00e7o com um encontro com os elementos que passaram por este grupo nestes 55 anos e no dia 24 de julho com uma Festa de campo com toda a fam\u00edlia escutista no parque Chefe Martins, com as atua\u00e7\u00f5es de v\u00e1rios elementos que fizeram parte deste conjunto.<\/p>\n","protected":false},"excerpt":{"rendered":"<p>Em 1966, um grupo de escuteiros junta-se com alguma violas e boa disposi\u00e7\u00e3o e come\u00e7am a animar alguns fogos de conselho. Estava lan\u00e7ada a semente para a cria\u00e7\u00e3o do Conjunto musical Flor-de-Lis. Ap\u00f3s uma longa caminhada de muito sacrif\u00edcio por maior parte dos elementos e at\u00e9 contra algumas ideias menos corretas de alguns dirigentes na &hellip; <\/p>\n<p class=\"link-more\"><a href=\"https:\/\/5.escutismo.pt\/?page_id=343\" class=\"more-link\">Continuar a ler <span class=\"screen-reader-text\">&#8220;Hist\u00f3ria do Conjunto musical Flor-de-Lis&#8221;<\/span><\/a><\/p>\n","protected":false},"author":1,"featured_media":0,"parent":0,"menu_order":0,"comment_status":"closed","ping_status":"closed","template":"","meta":[],"_links":{"self":[{"href":"https:\/\/5.escutismo.pt\/index.php?rest_route=\/wp\/v2\/pages\/343"}],"collection":[{"href":"https:\/\/5.escutismo.pt\/index.php?rest_route=\/wp\/v2\/pages"}],"about":[{"href":"https:\/\/5.escutismo.pt\/index.php?rest_route=\/wp\/v2\/types\/page"}],"author":[{"embeddable":true,"href":"https:\/\/5.escutismo.pt\/index.php?rest_route=\/wp\/v2\/users\/1"}],"replies":[{"embeddable":true,"href":"https:\/\/5.escutismo.pt\/index.php?rest_route=%2Fwp%2Fv2%2Fcomments&post=343"}],"version-history":[{"count":46,"href":"https:\/\/5.escutismo.pt\/index.php?rest_route=\/wp\/v2\/pages\/343\/revisions"}],"predecessor-version":[{"id":633,"href":"https:\/\/5.escutismo.pt\/index.php?rest_route=\/wp\/v2\/pages\/343\/revisions\/633"}],"wp:attachment":[{"href":"https:\/\/5.escutismo.pt\/index.php?rest_route=%2Fwp%2Fv2%2Fmedia&parent=343"}],"curies":[{"name":"wp","href":"https:\/\/api.w.org\/{rel}","templated":true}]}}