{"id":32,"date":"2020-10-09T13:40:57","date_gmt":"2020-10-09T13:40:57","guid":{"rendered":"https:\/\/5.escutismo.pt\/?page_id=32"},"modified":"2021-01-06T16:09:53","modified_gmt":"2021-01-06T16:09:53","slug":"departamentos-de-apoio-a-acao-do-agrupamento","status":"publish","type":"page","link":"https:\/\/5.escutismo.pt\/?page_id=32","title":{"rendered":"Departamentos de apoio \u00e0 a\u00e7\u00e3o do Agrupamento"},"content":{"rendered":"\n<div class=\"wp-block-image\"><figure class=\"aligncenter size-large is-resized\"><img loading=\"lazy\" src=\"https:\/\/5.escutismo.pt\/wp-content\/uploads\/2021\/01\/WhatsApp-Image-2020-09-28-at-23.22.58.jpeg\" alt=\"\" class=\"wp-image-319\" width=\"239\" height=\"329\" srcset=\"https:\/\/5.escutismo.pt\/wp-content\/uploads\/2021\/01\/WhatsApp-Image-2020-09-28-at-23.22.58.jpeg 589w, https:\/\/5.escutismo.pt\/wp-content\/uploads\/2021\/01\/WhatsApp-Image-2020-09-28-at-23.22.58-217x300.jpeg 217w\" sizes=\"(max-width: 239px) 100vw, 239px\" \/><figcaption>Filipe Costa &#8211; Respons\u00e1vel pela Fanfarra<\/figcaption><\/figure><\/div>\n\n\n\n<div class=\"wp-block-image\"><figure class=\"aligncenter size-large is-resized\"><img loading=\"lazy\" src=\"https:\/\/5.escutismo.pt\/wp-content\/uploads\/2021\/01\/WhatsApp-Image-2020-09-29-at-21.38.03.jpeg\" alt=\"\" class=\"wp-image-320\" width=\"237\" height=\"327\" srcset=\"https:\/\/5.escutismo.pt\/wp-content\/uploads\/2021\/01\/WhatsApp-Image-2020-09-29-at-21.38.03.jpeg 538w, https:\/\/5.escutismo.pt\/wp-content\/uploads\/2021\/01\/WhatsApp-Image-2020-09-29-at-21.38.03-218x300.jpeg 218w\" sizes=\"(max-width: 237px) 100vw, 237px\" \/><figcaption>Albino Dias &#8211; Respons\u00e1vel pelo Parque Chefe Martins<\/figcaption><\/figure><\/div>\n\n\n\n<div class=\"wp-block-image\"><figure class=\"aligncenter size-large is-resized\"><img loading=\"lazy\" src=\"https:\/\/5.escutismo.pt\/wp-content\/uploads\/2021\/01\/WhatsApp-Image-2020-09-28-at-23.22.53.jpeg\" alt=\"\" class=\"wp-image-322\" width=\"237\" height=\"341\" srcset=\"https:\/\/5.escutismo.pt\/wp-content\/uploads\/2021\/01\/WhatsApp-Image-2020-09-28-at-23.22.53.jpeg 559w, https:\/\/5.escutismo.pt\/wp-content\/uploads\/2021\/01\/WhatsApp-Image-2020-09-28-at-23.22.53-209x300.jpeg 209w\" sizes=\"(max-width: 237px) 100vw, 237px\" \/><figcaption>Emilie Gomes &#8211; Respons\u00e1vel pelo Patrim\u00f3nio<\/figcaption><\/figure><\/div>\n\n\n\n<div class=\"wp-block-image\"><figure class=\"aligncenter size-large is-resized\"><img loading=\"lazy\" src=\"https:\/\/5.escutismo.pt\/wp-content\/uploads\/2021\/01\/WhatsApp-Image-2020-09-28-at-23.22.55.jpeg\" alt=\"\" class=\"wp-image-324\" width=\"238\" height=\"341\" srcset=\"https:\/\/5.escutismo.pt\/wp-content\/uploads\/2021\/01\/WhatsApp-Image-2020-09-28-at-23.22.55.jpeg 533w, https:\/\/5.escutismo.pt\/wp-content\/uploads\/2021\/01\/WhatsApp-Image-2020-09-28-at-23.22.55-210x300.jpeg 210w\" sizes=\"(max-width: 238px) 100vw, 238px\" \/><figcaption>Rui Gomes &#8211; Respons\u00e1vel pelos C\u00e2nticos<\/figcaption><\/figure><\/div>\n\n\n\n<div class=\"wp-block-image\"><figure class=\"aligncenter size-large is-resized\"><img loading=\"lazy\" src=\"https:\/\/5.escutismo.pt\/wp-content\/uploads\/2021\/01\/WhatsApp-Image-2020-09-28-at-23.22.53-2.jpeg\" alt=\"\" class=\"wp-image-326\" width=\"237\" height=\"335\" srcset=\"https:\/\/5.escutismo.pt\/wp-content\/uploads\/2021\/01\/WhatsApp-Image-2020-09-28-at-23.22.53-2.jpeg 604w, https:\/\/5.escutismo.pt\/wp-content\/uploads\/2021\/01\/WhatsApp-Image-2020-09-28-at-23.22.53-2-212x300.jpeg 212w\" sizes=\"(max-width: 237px) 100vw, 237px\" \/><figcaption>S\u00e9rgio Pereira &#8211; Respons\u00e1vel pelo Conjunto de m\u00fasica Flor-de-Lis<\/figcaption><\/figure><\/div>\n","protected":false},"excerpt":{"rendered":"","protected":false},"author":1,"featured_media":0,"parent":0,"menu_order":0,"comment_status":"closed","ping_status":"closed","template":"","meta":[],"_links":{"self":[{"href":"https:\/\/5.escutismo.pt\/index.php?rest_route=\/wp\/v2\/pages\/32"}],"collection":[{"href":"https:\/\/5.escutismo.pt\/index.php?rest_route=\/wp\/v2\/pages"}],"about":[{"href":"https:\/\/5.escutismo.pt\/index.php?rest_route=\/wp\/v2\/types\/page"}],"author":[{"embeddable":true,"href":"https:\/\/5.escutismo.pt\/index.php?rest_route=\/wp\/v2\/users\/1"}],"replies":[{"embeddable":true,"href":"https:\/\/5.escutismo.pt\/index.php?rest_route=%2Fwp%2Fv2%2Fcomments&post=32"}],"version-history":[{"count":10,"href":"https:\/\/5.escutismo.pt\/index.php?rest_route=\/wp\/v2\/pages\/32\/revisions"}],"predecessor-version":[{"id":328,"href":"https:\/\/5.escutismo.pt\/index.php?rest_route=\/wp\/v2\/pages\/32\/revisions\/328"}],"wp:attachment":[{"href":"https:\/\/5.escutismo.pt\/index.php?rest_route=%2Fwp%2Fv2%2Fmedia&parent=32"}],"curies":[{"name":"wp","href":"https:\/\/api.w.org\/{rel}","templated":true}]}}