{"id":25,"date":"2020-10-09T13:40:57","date_gmt":"2020-10-09T13:40:57","guid":{"rendered":"https:\/\/5.escutismo.pt\/?page_id=25"},"modified":"2020-10-23T14:05:53","modified_gmt":"2020-10-23T14:05:53","slug":"uniforme","status":"publish","type":"page","link":"https:\/\/5.escutismo.pt\/?page_id=25","title":{"rendered":"Uniforme"},"content":{"rendered":"\n<h6>O uniforme escutista<a rel=\"noreferrer noopener\" href=\"http:\/\/www.908carnaxide.pt\/wp-content\/uploads\/2013\/11\/camisaexplor.png\" target=\"_blank\"><\/a><\/h6>\n\n\n\n<p>Logo que fa\u00e7as a tua promessa de escuteiro poder\u00e1s usar o teu uniforme, o qual poder\u00e1 ser adquirido em qualquer uma das lojas escutistas que comp\u00f5em o Dep\u00f3sito de Material e Fardamento do CNE.<\/p>\n\n\n\n<p>O uniforme \u00e9 composto por diversas pe\u00e7as, mas \u00e9 na coloca\u00e7\u00e3o das ins\u00edgnias e distintivos na camisa que surgem algumas d\u00favidas. Este pode ser um bom espa\u00e7o para \u2018estudares\u2019 esta quest\u00e3o, bem como um bom aux\u00edlio para os teus pais, tantas vezes com d\u00favidas sobre o local e forma de coser cada uma das ins\u00edgnias e distintivos.<\/p>\n\n\n\n<figure class=\"wp-block-image size-large is-resized\"><img loading=\"lazy\" src=\"https:\/\/5.escutismo.pt\/wp-content\/uploads\/2020\/10\/dirigentes_200108034620_lobitos-final-v2.png\" alt=\"\" class=\"wp-image-229\" width=\"400\" height=\"525\" srcset=\"https:\/\/5.escutismo.pt\/wp-content\/uploads\/2020\/10\/dirigentes_200108034620_lobitos-final-v2.png 700w, https:\/\/5.escutismo.pt\/wp-content\/uploads\/2020\/10\/dirigentes_200108034620_lobitos-final-v2-228x300.png 228w\" sizes=\"(max-width: 400px) 100vw, 400px\" \/><figcaption>Uniforme de Lobito<\/figcaption><\/figure>\n\n\n\n<figure class=\"wp-block-image size-large is-resized\"><img loading=\"lazy\" src=\"https:\/\/5.escutismo.pt\/wp-content\/uploads\/2020\/10\/dirigentes_200108034800_explorador-final-v2.png\" alt=\"\" class=\"wp-image-230\" width=\"373\" height=\"491\" srcset=\"https:\/\/5.escutismo.pt\/wp-content\/uploads\/2020\/10\/dirigentes_200108034800_explorador-final-v2.png 700w, https:\/\/5.escutismo.pt\/wp-content\/uploads\/2020\/10\/dirigentes_200108034800_explorador-final-v2-228x300.png 228w\" sizes=\"(max-width: 373px) 100vw, 373px\" \/><figcaption><em>Uniforme de <\/em>Explorador<\/figcaption><\/figure>\n\n\n\n<figure class=\"wp-block-image size-large is-resized\"><img loading=\"lazy\" src=\"https:\/\/5.escutismo.pt\/wp-content\/uploads\/2020\/10\/dirigentes_171013121836_pioneiro-final-v2.png\" alt=\"\" class=\"wp-image-231\" width=\"357\" height=\"468\" srcset=\"https:\/\/5.escutismo.pt\/wp-content\/uploads\/2020\/10\/dirigentes_171013121836_pioneiro-final-v2.png 700w, https:\/\/5.escutismo.pt\/wp-content\/uploads\/2020\/10\/dirigentes_171013121836_pioneiro-final-v2-228x300.png 228w\" sizes=\"(max-width: 357px) 100vw, 357px\" \/><figcaption><em>Uniforme de <\/em>Pioneiro<\/figcaption><\/figure>\n\n\n\n<figure class=\"wp-block-image size-large is-resized\"><img loading=\"lazy\" src=\"https:\/\/5.escutismo.pt\/wp-content\/uploads\/2020\/10\/caminheiro-final-v2.png\" alt=\"\" class=\"wp-image-232\" width=\"408\" height=\"536\" srcset=\"https:\/\/5.escutismo.pt\/wp-content\/uploads\/2020\/10\/caminheiro-final-v2.png 700w, https:\/\/5.escutismo.pt\/wp-content\/uploads\/2020\/10\/caminheiro-final-v2-228x300.png 228w\" sizes=\"(max-width: 408px) 100vw, 408px\" \/><figcaption><em>Uniforme de <\/em>Caminheiro<\/figcaption><\/figure>\n\n\n\n<figure class=\"wp-block-image size-large is-resized\"><img loading=\"lazy\" src=\"https:\/\/5.escutismo.pt\/wp-content\/uploads\/2020\/10\/dirigentes_171013122208_dirigente-final-v2-1.png\" alt=\"\" class=\"wp-image-233\" width=\"400\" height=\"525\" srcset=\"https:\/\/5.escutismo.pt\/wp-content\/uploads\/2020\/10\/dirigentes_171013122208_dirigente-final-v2-1.png 700w, https:\/\/5.escutismo.pt\/wp-content\/uploads\/2020\/10\/dirigentes_171013122208_dirigente-final-v2-1-228x300.png 228w\" sizes=\"(max-width: 400px) 100vw, 400px\" \/><figcaption><em>Uniforme de <\/em>Dirigente<\/figcaption><\/figure>\n","protected":false},"excerpt":{"rendered":"<p>O uniforme escutista Logo que fa\u00e7as a tua promessa de escuteiro poder\u00e1s usar o teu uniforme, o qual poder\u00e1 ser adquirido em qualquer uma das lojas escutistas que comp\u00f5em o Dep\u00f3sito de Material e Fardamento do CNE. O uniforme \u00e9 composto por diversas pe\u00e7as, mas \u00e9 na coloca\u00e7\u00e3o das ins\u00edgnias e distintivos na camisa que &hellip; <\/p>\n<p class=\"link-more\"><a href=\"https:\/\/5.escutismo.pt\/?page_id=25\" class=\"more-link\">Continuar a ler <span class=\"screen-reader-text\">&#8220;Uniforme&#8221;<\/span><\/a><\/p>\n","protected":false},"author":1,"featured_media":0,"parent":0,"menu_order":0,"comment_status":"closed","ping_status":"closed","template":"","meta":[],"_links":{"self":[{"href":"https:\/\/5.escutismo.pt\/index.php?rest_route=\/wp\/v2\/pages\/25"}],"collection":[{"href":"https:\/\/5.escutismo.pt\/index.php?rest_route=\/wp\/v2\/pages"}],"about":[{"href":"https:\/\/5.escutismo.pt\/index.php?rest_route=\/wp\/v2\/types\/page"}],"author":[{"embeddable":true,"href":"https:\/\/5.escutismo.pt\/index.php?rest_route=\/wp\/v2\/users\/1"}],"replies":[{"embeddable":true,"href":"https:\/\/5.escutismo.pt\/index.php?rest_route=%2Fwp%2Fv2%2Fcomments&post=25"}],"version-history":[{"count":8,"href":"https:\/\/5.escutismo.pt\/index.php?rest_route=\/wp\/v2\/pages\/25\/revisions"}],"predecessor-version":[{"id":236,"href":"https:\/\/5.escutismo.pt\/index.php?rest_route=\/wp\/v2\/pages\/25\/revisions\/236"}],"wp:attachment":[{"href":"https:\/\/5.escutismo.pt\/index.php?rest_route=%2Fwp%2Fv2%2Fmedia&parent=25"}],"curies":[{"name":"wp","href":"https:\/\/api.w.org\/{rel}","templated":true}]}}