{"id":24,"date":"2020-10-09T13:40:57","date_gmt":"2020-10-09T13:40:57","guid":{"rendered":"https:\/\/5.escutismo.pt\/?page_id=24"},"modified":"2020-10-09T13:51:25","modified_gmt":"2020-10-09T13:51:25","slug":"quero-ser-escuteiro","status":"publish","type":"page","link":"https:\/\/5.escutismo.pt\/?page_id=24","title":{"rendered":"Quero ser escuteiro"},"content":{"rendered":"\n<h3 id=\"inscri\u00e7\u00e3o\">Inscri\u00e7\u00e3o<\/h3>\n\n\n\n<p>Para entrares para o nosso agrupamento (Agrupamento 5 Ronfe), tens de come\u00e7ar por preencher a Proposta de Admiss\u00e3o e a Ficha de Sa\u00fade, dispon\u00edveis no sitio &#8220;Documentos&#8221;<\/p>\n\n\n\n<p>Os formul\u00e1rios dever\u00e3o ser preenchidos e enviados para a nossa caixa de correio electr\u00f3nico\u00a0<a href=\"mailto:geral.908@escutismo.pt\"><strong>geral.5@escutismo.pt<\/strong><\/a>. O original dever\u00e1 ser entregue, devidamente assinado, assim que for oportuno.<br>A tua entrada para os escuteiros ter\u00e1 de ter a concord\u00e2ncia do teu Encarregado de Educa\u00e7\u00e3o, pelo que a tua inscri\u00e7\u00e3o s\u00f3 ser\u00e1 validada ap\u00f3s a entrega da Proposta de Admiss\u00e3o em m\u00e3o, na tua presen\u00e7a e na do teu Encarregado de Educa\u00e7\u00e3o.<br>Para efeitos de pr\u00e9-inscri\u00e7\u00e3o, bastar\u00e1 o envio do formul\u00e1rio via email, havendo tempo num segundo momento para a referida entrega presencial.<\/p>\n\n\n\n<h3 id=\"informa\u00e7\u00f5es\">Informa\u00e7\u00f5es<\/h3>\n\n\n\n<p>Deixamos aqui algumas informa\u00e7\u00f5es que te podem ser \u00fateis;<\/p>\n\n\n\n<p><strong>Quotiza\u00e7\u00e3o<\/strong><br>Cada escuteiro paga uma quota anual que engloba os custos com o seguro escutista e com o funcionamento do CNE aos seus diversos n\u00edveis (nacional, regional ou de n\u00facleo). As despesas com a administra\u00e7\u00e3o, com a anima\u00e7\u00e3o e forma\u00e7\u00e3o dos recursos adultos s\u00e3o substanciais mas, partilhadas por todos, resultam num valor relativamente baixo por escuteiro, quando comparado com os custos de participa\u00e7\u00e3o em actividades similares.<\/p>\n\n\n\n<p><strong>A Quota<\/strong><br>A quota anual \u00e9 de 15 euros, parte usada para pagar as despesas j\u00e1 descritas anteriormente.<br>Se o pagamento da quota anual for um problema maior, o Agrupamento encontrar\u00e1 uma solu\u00e7\u00e3o para que tal n\u00e3o condicione a tua vinda para os Escuteiros.<\/p>\n\n\n\n<p><strong>Uniforme<\/strong><br>Logo que fa\u00e7as a tua promessa de escuteiro poder\u00e1s usar o teu uniforme, o qual poder\u00e1 ser adquirido em qualquer uma das lojas escutistas que comp\u00f5em o Dep\u00f3sito de Material e Fardamento do CNE. At\u00e9 l\u00e1 participar\u00e1s nas actividades \u2018\u00e0 civil\u2019, devendo optares por roupas e cal\u00e7ado confort\u00e1veis.<\/p>\n\n\n\n<p><strong>Equipamento<\/strong><br>O agrupamento tem todos os materiais de acampamento e de aventura, tais como tendas, equipamento de cozinha, bem como todos os restantes materiais de uso colectivo relacionados com as actividades escutistas mais comuns.<\/p>\n\n\n\n<p><strong>Equipamento Pessoal<\/strong><br>Eventualmente ter\u00e1s de adquirir algum equipamento pessoal, como por exemplo, uma marmita, um saco cama, uma mochila. N\u00e3o \u00e9 necess\u00e1rio comprares todo o material de uma vez.<br>As lojas escutistas s\u00e3o um bom local para fazeres as tuas compras, cujos funcion\u00e1rios t\u00eam a experi\u00eancia necess\u00e1ria para te ajudar a escolher o material mais adequado. Caso optes por outras lojas, poder\u00e1s obter os conselhos necess\u00e1rios, junto dos teus futuros chefes ou animadores.<\/p>\n\n\n\n<p><strong>Em Resumo<\/strong><br>Entrar para o Agrupamento \u00e9 f\u00e1cil. Ser Escuteiro \u00e9 uma experi\u00eancia que te marcar\u00e1 para a vida!! Em baixo disponibilizamos-te um flyer produzido pelo Corpo Nacional de Escutas, sobre o tema \u2018Ser Escuteiro\u2019. N\u00e3o deixes de o ler, com toda a certeza vai ajudar-te a tomares uma decis\u00e3o mais consciente.<\/p>\n\n\n\n<p><strong>\u2018Ser Escuteiro\u2019<\/strong><\/p>\n\n\n\n<p>visualizar&nbsp;<a href=\"http:\/\/www.908carnaxide.pt\/wp-content\/uploads\/2013\/11\/Ser_Escuteiro.pdf\" target=\"_blank\" rel=\"noreferrer noopener\"><strong>PDF<\/strong><\/a>.<\/p>\n","protected":false},"excerpt":{"rendered":"<p>Inscri\u00e7\u00e3o Para entrares para o nosso agrupamento (Agrupamento 5 Ronfe), tens de come\u00e7ar por preencher a Proposta de Admiss\u00e3o e a Ficha de Sa\u00fade, dispon\u00edveis no sitio &#8220;Documentos&#8221; Os formul\u00e1rios dever\u00e3o ser preenchidos e enviados para a nossa caixa de correio electr\u00f3nico\u00a0geral.5@escutismo.pt. O original dever\u00e1 ser entregue, devidamente assinado, assim que for oportuno.A tua entrada &hellip; <\/p>\n<p class=\"link-more\"><a href=\"https:\/\/5.escutismo.pt\/?page_id=24\" class=\"more-link\">Continuar a ler <span class=\"screen-reader-text\">&#8220;Quero ser escuteiro&#8221;<\/span><\/a><\/p>\n","protected":false},"author":1,"featured_media":0,"parent":0,"menu_order":0,"comment_status":"closed","ping_status":"closed","template":"","meta":[],"_links":{"self":[{"href":"https:\/\/5.escutismo.pt\/index.php?rest_route=\/wp\/v2\/pages\/24"}],"collection":[{"href":"https:\/\/5.escutismo.pt\/index.php?rest_route=\/wp\/v2\/pages"}],"about":[{"href":"https:\/\/5.escutismo.pt\/index.php?rest_route=\/wp\/v2\/types\/page"}],"author":[{"embeddable":true,"href":"https:\/\/5.escutismo.pt\/index.php?rest_route=\/wp\/v2\/users\/1"}],"replies":[{"embeddable":true,"href":"https:\/\/5.escutismo.pt\/index.php?rest_route=%2Fwp%2Fv2%2Fcomments&post=24"}],"version-history":[{"count":2,"href":"https:\/\/5.escutismo.pt\/index.php?rest_route=\/wp\/v2\/pages\/24\/revisions"}],"predecessor-version":[{"id":101,"href":"https:\/\/5.escutismo.pt\/index.php?rest_route=\/wp\/v2\/pages\/24\/revisions\/101"}],"wp:attachment":[{"href":"https:\/\/5.escutismo.pt\/index.php?rest_route=%2Fwp%2Fv2%2Fmedia&parent=24"}],"curies":[{"name":"wp","href":"https:\/\/api.w.org\/{rel}","templated":true}]}}