{"id":23,"date":"2020-10-09T13:40:57","date_gmt":"2020-10-09T13:40:57","guid":{"rendered":"https:\/\/5.escutismo.pt\/?page_id=23"},"modified":"2020-10-09T13:45:41","modified_gmt":"2020-10-09T13:45:41","slug":"o-escutismo-e-o-c-n-e","status":"publish","type":"page","link":"https:\/\/5.escutismo.pt\/?page_id=23","title":{"rendered":"O Escutismo e o C.N.E."},"content":{"rendered":"\n<h3 id=\"anossaconstitui\u00e7\u00e3o\">A Nossa Constitui\u00e7\u00e3o<\/h3>\n\n\n\n<p>O movimento escutista baseia-se em alguns princ\u00edpios, nomeadamente:<br>\u2013 o dever para com os outros<br>\u2013 a participa\u00e7\u00e3o no desenvolvimento da sociedade pelo reconhecimento e respeito pela dignidade do pr\u00f3ximo e a integridade da natureza.<\/p>\n\n\n\n<h3 id=\"amiss\u00e3odoescutismo\">A Miss\u00e3o do Escutismo<\/h3>\n\n\n\n<p>\u00c9 miss\u00e3o do escutismo contribuir para a educa\u00e7\u00e3o dos jovens gra\u00e7as a um sistema de valores baseado na Promessa e na Lei do Escuta, bem como atrav\u00e9s da constru\u00e7\u00e3o de um mundo melhor onde toda a gente, sem excep\u00e7\u00e3o, seja considerado e tenha um papel construtivo na sociedade. Esta miss\u00e3o \u00e9 realizada:<br>\u2013 implicando-os durante os seus anos de forma\u00e7\u00e3o, num processo de educa\u00e7\u00e3o n\u00e3o formal;<br>\u2013 utilizando um m\u00e9todo espec\u00edfico atrav\u00e9s do qual, cada indiv\u00edduo \u00e9 o principal agente do seu desenvolvimento enquanto pessoa aut\u00f3noma, solid\u00e1ria, respons\u00e1vel e empenhada;<br>\u2013 ajudando-os a elaborar um sistema de valores baseado nos princ\u00edpios espirituais, sociais e pessoais especificados na Promessa e na Lei.<\/p>\n\n\n\n<p>A Lei do Escuta exprime&nbsp;o que n\u00f3s somos.<br>A Promessa Escutista exprime&nbsp;o nosso empenho.<br>A Miss\u00e3o do Escutismo exprime&nbsp;o que n\u00f3s devemos fazer.<\/p>\n\n\n\n<p>Tudo isto confirma que o Escutismo \u00e9 um \u201cagente de mudan\u00e7a\u201d importante para as nossas sociedades, que se baseia num conjunto de valores e que se esfor\u00e7a por ajudar os jovens a tornarem-se adultos respons\u00e1veis nos seus enquadramentos sociais.<\/p>\n\n\n\n<h3 id=\"leiepromessa\">Lei e Promessa<\/h3>\n\n\n\n<p>A Lei e a Promessa constituem o ide\u00e1rio fundacional e fundamental do Escutismo, agregando e apresentando os valores por este preconizados em toda a fraternidade mundial.<\/p>\n\n\n\n<h5>Lei<\/h5>\n\n\n\n<p>1. A honra do Escuta inspira confian\u00e7a.<br>2. O Escuta \u00e9 leal.<br>3. O Escuta \u00e9 \u00fatil e pratica diariamente uma boa ac\u00e7\u00e3o.<br>4. O Escuta \u00e9 amigo de todos e irm\u00e3o de todos os outros Escutas.<br>5. O Escuta \u00e9 delicado e respeitador.<br>6. O Escuta protege as plantas e os animais.<br>7. O Escuta \u00e9 obediente.<br>8. O Escuta tem sempre boa disposi\u00e7\u00e3o de esp\u00edrito.<br>9. O Escuta \u00e9 s\u00f3brio, econ\u00f3mico e respeitador do bem alheio.<br>10. O Escuta \u00e9 puro nos pensamentos, nas palavras e nas ac\u00e7\u00f5es.<br>&nbsp;<br>&nbsp;<\/p>\n\n\n\n<h5>O Corpo Nacional de Escutas definiu ainda tr\u00eas Princ\u00edpios:<\/h5>\n\n\n\n<p>1. O Escuta orgulha-se da sua F\u00e9 e por ela orienta toda a sua vida.<br>2. O Escuta \u00e9 filho de Portugal e bom cidad\u00e3o.<br>3. O dever do Escuta come\u00e7a em casa.<br>&nbsp;<\/p>\n\n\n\n<h5>A Promessa<\/h5>\n\n\n\n<p>Todos os membros do Corpo Nacional de Escutas, \u00e0 luz dos princ\u00edpios enunciados, aderem voluntariamente \u00e0 Associa\u00e7\u00e3o, no compromisso com a Lei, base de toda a ac\u00e7\u00e3o escutista, pela Promessa, concebidas pelo Fundador do Movimento Escutista, nos termos seguintes.<\/p>\n\n\n\n<p><strong>\u201cPrometo, pela minha honra e com a gra\u00e7a de Deus, fazer todo o poss\u00edvel por:<\/strong><br><strong>\u2013 cumprir os meus deveres para com Deus, a Igreja e a P\u00e1tria;<\/strong><br><strong>\u2013 auxiliar o meu semelhante em todas as circunst\u00e2ncias;<\/strong><br><strong>\u2013 obedecer \u00e0 Lei do Escuta.\u201d<\/strong><\/p>\n\n\n\n<h3 id=\"lobitismo\">Lobitismo<\/h3>\n\n\n\n<p>No caso da Alcateia, existem as seguintes especificidades:<\/p>\n\n\n\n<h5>Lei<\/h5>\n\n\n\n<p>1. O Lobito escuta \u00ab\u00c0qu\u00eal\u00e0\u00bb.<br>2. O Lobito n\u00e3o se escuta a si pr\u00f3prio.<br>&nbsp;<\/p>\n\n\n\n<h5>As M\u00e1ximas<\/h5>\n\n\n\n<p>1. O Lobito pensa primeiro no seu semelhante.<br>2. O Lobito sabe ver e ouvir.<br>3. O Lobito \u00e9 asseado.<br>4. O Lobito \u00e9 verdadeiro.<br>5. O Lobito \u00e9 alegre.<br>&nbsp;<\/p>\n\n\n\n<h5>A Promessa<\/h5>\n\n\n\n<p><strong>\u201cPrometo, da melhor vontade:<\/strong><br><strong>\u2013 ser amigo de Jesus, amando os outros;<\/strong><br><strong>\u2013 respeitar a Lei da Alcateia;<\/strong><br><strong>\u2013 o- praticar diariamente uma boa-ac\u00e7\u00e3o.\u201d<\/strong><\/p>\n\n\n\n<h3 id=\"oc.n.e.\u2013corponacionaldeescutas\">O C.N.E. \u2013 Corpo Nacional de Escutas<\/h3>\n\n\n\n<p>O Corpo Nacional de Escutas (CNE) \u00e9 a maior Organiza\u00e7\u00e3o de Juventude de Portugal<\/p>\n\n\n\n<p>O CNE \u2013 Escutismo Cat\u00f3lico Portugu\u00eas \u00e9 uma Institui\u00e7\u00e3o reconhecida de Utilidade P\u00fablica pelo Governo, conforme publica\u00e7\u00e3o no Di\u00e1rio de Rep\u00fablica n\u00ba 177, III s\u00e9rie , de 3 de Agosto de 1983.<\/p>\n\n\n\n<p>O CNE \u00e9 uma associa\u00e7\u00e3o de juventude sem fins lucrativos, n\u00e3o-pol\u00edtica e n\u00e3o-governamental, destinada \u00e0 forma\u00e7\u00e3o integral de jovens, com base no m\u00e9todo criado por Baden Powell e no voluntariado dos seus membros.<\/p>\n\n\n\n<p>O CNE est\u00e1 implementado em cerca de 1.100 agrupamentos locais em todos os concelhos do territ\u00f3rio continental e regi\u00f5es aut\u00f3nomas dos A\u00e7ores e da Madeira, dispondo de uma rede de anima\u00e7\u00e3o e coordena\u00e7\u00e3o territorial apoiada em meia centena de estruturas de n\u00facleo e regionais, tendo como executivo nacional a Junta Central, que assegura a gest\u00e3o e a implementa\u00e7\u00e3o das pol\u00edticas gerais e sectoriais do CNE.<\/p>\n\n\n\n<p>O CNE \u00e9 um movimento da Igreja Cat\u00f3lica. Assim, est\u00e1 ciente das responsabilidades que lhe adv\u00eam desse facto, bem como daquelas que a Hierarquia e o restante Povo de Deus t\u00eam para com a Associa\u00e7\u00e3o.<\/p>\n\n\n\n<p>A Anima\u00e7\u00e3o da F\u00e9, caracter\u00edstica do Escutismo do CNE, \u00e9 feita naturalmente atrav\u00e9s do jogo escutista, vivido \u00e0 luz de Jesus e do Evangelho, procurando contribuir para a forma\u00e7\u00e3o humana e crist\u00e3 dos seus associados, pelo testemunho da vida em comunh\u00e3o eclesial.<\/p>\n\n\n\n<p>O CNE \u00e9 uma associa\u00e7\u00e3o de educa\u00e7\u00e3o n\u00e3o-formal, cuja finalidade \u00e9 a educa\u00e7\u00e3o integral de crian\u00e7as e jovens de ambos os g\u00e9neros, com base em voluntariado adulto, em conformidade com as finalidades, princ\u00edpios e m\u00e9todos concebidos pelo Fundador do Escutismo \u2013 Lord Baden-Powell of Gilwell \u2013 e vigentes na Organiza\u00e7\u00e3o Mundial do Movimento Escutista, e \u00e0 luz do Evangelho de Jesus Cristo, segundo a doutrina da Igreja Cat\u00f3lica Romana, que professa, assume e difunde.<\/p>\n\n\n\n<p>O Programa Educativo do Corpo Nacional de Escutas \u00e9 a totalidade daquilo que as crian\u00e7as e os jovens fazem no Escutismo Cat\u00f3lico Portugu\u00eas [as actividades], como o fazem [o m\u00e9todo] e a raz\u00e3o porque o fazem [a finalidade].<\/p>\n","protected":false},"excerpt":{"rendered":"<p>A Nossa Constitui\u00e7\u00e3o O movimento escutista baseia-se em alguns princ\u00edpios, nomeadamente:\u2013 o dever para com os outros\u2013 a participa\u00e7\u00e3o no desenvolvimento da sociedade pelo reconhecimento e respeito pela dignidade do pr\u00f3ximo e a integridade da natureza. A Miss\u00e3o do Escutismo \u00c9 miss\u00e3o do escutismo contribuir para a educa\u00e7\u00e3o dos jovens gra\u00e7as a um sistema de &hellip; <\/p>\n<p class=\"link-more\"><a href=\"https:\/\/5.escutismo.pt\/?page_id=23\" class=\"more-link\">Continuar a ler <span class=\"screen-reader-text\">&#8220;O Escutismo e o C.N.E.&#8221;<\/span><\/a><\/p>\n","protected":false},"author":1,"featured_media":0,"parent":0,"menu_order":0,"comment_status":"closed","ping_status":"closed","template":"","meta":[],"_links":{"self":[{"href":"https:\/\/5.escutismo.pt\/index.php?rest_route=\/wp\/v2\/pages\/23"}],"collection":[{"href":"https:\/\/5.escutismo.pt\/index.php?rest_route=\/wp\/v2\/pages"}],"about":[{"href":"https:\/\/5.escutismo.pt\/index.php?rest_route=\/wp\/v2\/types\/page"}],"author":[{"embeddable":true,"href":"https:\/\/5.escutismo.pt\/index.php?rest_route=\/wp\/v2\/users\/1"}],"replies":[{"embeddable":true,"href":"https:\/\/5.escutismo.pt\/index.php?rest_route=%2Fwp%2Fv2%2Fcomments&post=23"}],"version-history":[{"count":2,"href":"https:\/\/5.escutismo.pt\/index.php?rest_route=\/wp\/v2\/pages\/23\/revisions"}],"predecessor-version":[{"id":99,"href":"https:\/\/5.escutismo.pt\/index.php?rest_route=\/wp\/v2\/pages\/23\/revisions\/99"}],"wp:attachment":[{"href":"https:\/\/5.escutismo.pt\/index.php?rest_route=%2Fwp%2Fv2%2Fmedia&parent=23"}],"curies":[{"name":"wp","href":"https:\/\/api.w.org\/{rel}","templated":true}]}}