{"id":22,"date":"2020-10-09T13:40:57","date_gmt":"2020-10-09T13:40:57","guid":{"rendered":"https:\/\/5.escutismo.pt\/?page_id=22"},"modified":"2020-10-23T13:57:04","modified_gmt":"2020-10-23T13:57:04","slug":"baden-powell","status":"publish","type":"page","link":"https:\/\/5.escutismo.pt\/?page_id=22","title":{"rendered":"Baden-Powell"},"content":{"rendered":"\n<h3 id=\"avidadofundador\">A Vida do Fundador<\/h3>\n\n\n\n<div class=\"wp-block-image\"><figure class=\"alignleft size-large\"><a href=\"http:\/\/www.908carnaxide.pt\/wp-content\/uploads\/2013\/03\/B-P-Site.jpg\"><img loading=\"lazy\" width=\"287\" height=\"338\" src=\"https:\/\/5.escutismo.pt\/wp-content\/uploads\/2020\/10\/BADEN-POWELL-Foto-2.jpg\" alt=\"\" class=\"wp-image-224\" srcset=\"https:\/\/5.escutismo.pt\/wp-content\/uploads\/2020\/10\/BADEN-POWELL-Foto-2.jpg 287w, https:\/\/5.escutismo.pt\/wp-content\/uploads\/2020\/10\/BADEN-POWELL-Foto-2-255x300.jpg 255w\" sizes=\"(max-width: 287px) 100vw, 287px\" \/><\/a><figcaption>Baden-Powell<\/figcaption><\/figure><\/div>\n\n\n\n<p>Robert Stephenson Smyth Baden-Powell nasceu em Londres a 22 de Fevereiro de 1857. Foi o quinto dos sete filhos do casal Baden-Powell. Seu pai, Reverendo H.G. Baden Powell era pastor da igreja anglicana e um professor universit\u00e1rio de renome, sua m\u00e3e, Henriqueta Smith era filha do Almirante Wiliam Smith. O pequeno B-P conhecido entre os familiares e amigos por Ste (abreviatura de Stephenson), era uma crian\u00e7a magra, nervosa, rosto mi\u00fado, inteligente e esperto.<\/p>\n\n\n\n<p><strong>B-P em rapaz<\/strong><br>O seu irm\u00e3o mais velho, Warrington, que tinha treze anos (aquando do nascimento de B-P), entrou um ano mais tarde para o navio-escola Conway. O seu entusiasmo pelo mar era tal que, sempre que tinha f\u00e9rias levava em excurs\u00f5es de barco os irm\u00e3os que j\u00e1 tivessem idade para navegar.<br>Foi assim que o nosso BP aprendeu a manobrar um barco, a acampar, a cozinhar e a obedecer \u00e0s ordens com rapidez e eleg\u00e2ncia. Fizeram explora\u00e7\u00f5es por todos o pa\u00eds e mares vizinhos, e assim BP aprendeu as regras da explora\u00e7\u00e3o e da vida ao ar livre.<br>Em 1869, com doze anos, entrou na escola da Cartuxa, que possuia uma pequena mata, que estava vedada aos alunos; BP costumava ir para l\u00e1 observar os animais, apanhar por vezes um coelho, que assava numa fogueira sem fumo (o fumo t\u00ea-lo-ia denunciado aos mestres!) e a\u00ed desenvolvia as suas habilidades na constru\u00e7\u00e3o de abrigos e aprendia a usar um pequeno machado.<br>Era muito popular na escola, mas n\u00e3o um estudante de grande evid\u00eancia ou um grande atleta, embora tomasse parte em muitas actividades com toda a energia que tinha \u2013 e esta era consider\u00e1vel. Tinha habilidade para desenhar, para cantar can\u00e7\u00f5es c\u00f3micas e para representar, e em toda a sua longa vida usou em cheio todos estes talentos.<\/p>\n\n\n\n<p><strong>B-P na \u00cdndia<\/strong><br>Em 1876, com 19 anos, fez exame de aptid\u00e3o \u00e0 escola do ex\u00e9rcito e f\u00ea-lo t\u00e3o bem que imediatamente recebeu a patente de alferes do Regimento de Hussardos n\u00ba13, ent\u00e3o colocado na India. Muito cedo se distinguiu n\u00e3o s\u00f3 pelo zelo no cumprimento dos seus deveres mas tamb\u00e9m nas actividades desportivas e boa camaradagem. De tal modo que em 1883, com a idade de 26 anos, era Capit\u00e3o e ajudante do Regimento. Era perito em explora\u00e7\u00e3o e espionagem; tanto assim que foi uma autoridade reconhecida nestes assuntos. Como desportista notabilizou-se na montaria ao javali \u2013 desporto arriscadissimo mas muito apreciado pela equita\u00e7\u00e3o e pela perspic\u00e1cia que exige no seguimento de pistas.<br>O Regimento deixou a India em 1884 e no regresso a viagem foi interrompida na Africa do Sul porque se receava um conflito com os Boers. Foi durante esta primeira visita \u00e0quela regi\u00e3o que BP entrou em contacto com os Zulos. Come\u00e7ou ent\u00e3o a recolher informa\u00e7\u00f5es secretas, disfar\u00e7ado de jornalista.<\/p>\n\n\n\n<p><strong>B-P em \u00c1frica<\/strong><br>Em 1887 foi de novo para a \u00c1frica do Sul como ajudante de Campo de seu tio, que era Governador da Provincia do Cabo. BP satisfez o seu primeiro desejo de servi\u00e7o activo numa campanha contra os Zulos. Foi ent\u00e3o que ouviu o coro \u00abIn-goniama\u00bb cantado por uma coluna de Zulos em marcha. Os nativos (Zulos) deram-lhe o nome de \u00abM\u2019hlala Panzi\u00bb \u2013 o homem que se deita para disparar \u2013 significando que ele tinha cuidado ao apontar ou que pensava antes de agir.<br>Em 1893 foi escolhido para uma miss\u00e3o especial em Ashanti. O rei nativo estava a perturbar a ordem e foi enviada uma expedi\u00e7\u00e3o para a manter. Isto obrigou-o a uma marcha de cerca de 240 km atrav\u00e9s de densos bosques e florestas e a atravessar numerosos rios. Nesta explora\u00e7\u00e3o o trabalho de BP era a explora\u00e7\u00e3o e o pioneirismo; assim aprendeu a maneira pr\u00e1tica e \u00fatil de construir pontes.<br>Foi quando estava no Oeste Africano que ouviu o ditado \u00abdevagar, devagarinho se apanha o macaco\u00bb que veio a ser o seu ditado preferido. P\u00f4s um chap\u00e9u de Cowboy pela primeira vez em Ashanti e os nativos chamaram-lhe, por isso, \u00abKantankye\u00bb ou chap\u00e9u grande. Terminada a expedi\u00e7\u00e3o punha-se a caminho do que ele dizia ser a \u00abmelhor aventura da minha vida\u00bb.<br>Os Matabeles tinham-se subelevado e massacraram alguns colonos brancos e fugiram depois para as montanhas. Ali havia lugares dif\u00edceis de atingir, pois as suas rochas ofereciam grandes e bons abrigos. BP foi encarregado da explora\u00e7\u00e3o. A sua tarefa n\u00e3o era nada f\u00e1cil pois tinha de descobrir o paradeiro do inimigo e, o que que ainda era mais dif\u00edcil, como atingir as suas fortalezas. Perdeu muitas noites nas suas expedi\u00e7\u00f5es de explora\u00e7\u00e3o mas era t\u00e3o bem sucedido que quase sempre guiava os soldados para o lugar do ataque. Desenhou mapas absolutamente correctos, de grande valor. Os Matabeles chamaram-lhe \u00abImpisa\u00bb que quer dizer lobo que n\u00e3o dorme. Sabia que gritavam com \u00f3dio o seu nome e o amea\u00e7avam com toda a esp\u00e9cie de torturas, se lhes viesse a cair nas m\u00e3os. Pelos servi\u00e7os prestados na guerra com os Matabeles, BP foi promovido a Coronel, isto em 1899.<br>Mas a sua realiza\u00e7\u00e3o mais importante foi nos m\u00e9todos de treino. Porque a achava muito importante, procurou que a explora\u00e7\u00e3o se tornasse popular. Os homens eram divididos em pequenas unidades de meia d\u00fazia \u2013 o que n\u00f3s depois no escutismo chamar\u00edamos Patrulhas \u2013 sob o comando de um deles \u2013 o nosso guia de patrulha. Aqueles que melhor se desempenhassem nos seus deveres tinham o privil\u00e9gio de usar uma ins\u00edgnia especial \u2013 Flor de Lis \u2013 que na b\u00fassola indica o rumo norte. Em 1899 BP regressou a casa, mas logo se lan\u00e7ou noutro empreendimento. Trouxera consigo da india o manuscrito de um pequeno livro chamado \u00abAuxiliar do Explorador\u00bb (Aids to Scouting) que continha as palestras que fizera aos soldados, com muitos exemplos de observa\u00e7\u00e3o e dedu\u00e7\u00e3o.<\/p>\n\n\n\n<p><strong>O Cerco de Mafeking<\/strong><br>Era grande a efervesc\u00eancia na \u00c1frica do Sul. As rela\u00e7\u00f5es entre os ingleses e o governo local tinham chegado ao ponto de romper-se.<br>Quando a guerra estalou (1899) estava ele em Mafeking com parte das suas for\u00e7as. Quase ao mesmo tempo, um ex\u00e9rcito boer de 9000 homens p\u00f4s o cerco \u00e0 pequena cidade . N\u00e3o se pode contar aqui, em t\u00e3o pouco espa\u00e7o, a hist\u00f3ria do famoso cerco; contudo \u00e9 justo salientar que foi nele que o nome de BP galgou as fronteiras de todos os pa\u00edses, tornando-se conhecido em todo o mundo, pois defendera a cidade durante 217 dias das poderosas for\u00e7as inimigas e foi gra\u00e7as \u00e0 sua alegria e \u00e0 sua desenvoltura (ao seu \u201cdesenrascamento\u201d) que a cidade n\u00e3o foi tomada.<br>Para os escuteiros, Mafeking tem uma grande import\u00e2ncia. Os rapazes da cidade foram organizados num corpo de mensageiros e BP impressionou-se pela maneira como levavam a cabo as suas miss\u00f5es. Viu que, se lhes fosse confiada qualquer responsabilidade, eles se sairiam bem em qualquer ocasi\u00e3o.<br>Como reconhecimento do seu empreendimento em Mafeking, BP foi promovido a Major- General, sendo o mais novo do ex\u00e9rcito.<\/p>\n\n\n\n<p><strong>Nasce o Escutismo<\/strong><br>Quando regressou a Londres um facto tinha-lhe chamado a aten\u00e7\u00e3o: o seu pequeno livro \u00abAids to Scouting\u00bb tinha sido adoptado como comp\u00eandio na educa\u00e7\u00e3o da juventude. O fundador da Brigada de Rapazes , Sir William Smith, pediu-lhe que adoptasse os m\u00e9todos da explora\u00e7\u00e3o \u00e0 forma\u00e7\u00e3o dos jovens. BP estudou um plano e em 1907 fez um acampamento experimental na ilha de Brownsea, com duas dezenas de rapazes de todas as classes sociais, que formaram quatro patrulhas: Corvo, Touro, Lobo e Ma\u00e7arico Real. Este acampamento foi t\u00e3o bem sucedido que resolveu escrever tudo o que tinha ensinado \u00e0 volta do Fogo de Conselho.<br>Assim nasceu o Escutismo para rapazes (Scouting for boys). Foi primeiro publicado em fasc\u00edculos quinzenais, nos primeiros meses de 1908. Os rapazes buscavam-no por tada a parte e rapidamente formaram patrulhas com os seus amigos. O n\u00famero cresceu depressa \u2013 pelos fins de 1908 havia uns 60000 escuteiros \u2013 que BP teve de se esfor\u00e7ar para conseguir ins\u00edgnias, uniformes, cart\u00f5es de alistamento, etc.<br>Em 1920 realizou-se o primeiro Jamborre mundial em Olimpia, Londres onde BP \u00e9 nomeado Chefe Mundial.<br>BP visitou Portugal Continental duas vezes em 1929, 1934 e em 1932 a Madeira.<br>Depois de v\u00e1rios anos de dedica\u00e7\u00e3o ao Escutismo, viajando pelo mundo e fundando Associa\u00e7\u00f5es Escutistas em v\u00e1rios pa\u00edses, Baden-Powell sentiu as suas for\u00e7as escassearem. Retirou-se ent\u00e3o para uma propriedade que possu\u00eda pr\u00f3ximo da cidade de Nairobi, no Qu\u00e9nia. Ali, na companhia da esposa, dividiu o tempo entre pintura, a numerosa correspond\u00eancia e as visitas de amigos. Faleceu na madrugada de 8 de Janeiro de 1941 enquanto dormia, deixando para n\u00f3s, Escuteiros do mundo, n\u00e3o s\u00f3 uma enorme exemplo humano mas tamb\u00e9m uma \u00daltima Mensagem.<\/p>\n\n\n\n<h3 id=\"\u00faltimamensagem\">\u00daltima Mensagem<\/h3>\n\n\n\n<p><em>\u201cCaros escuteiros:<\/em><br><em>Se j\u00e1 vistes a pe\u00e7a Peter Pan, haveis de recordar-vos de como o chefe dos piratas estava sempre a fazer o seu discurso de despedida, porque receava que, quando lhe chegasse a hora de morrer, talvez n\u00e3o tivesse tempo para o fazer. Acontece-me coisa muito parecida e por isso, embora n\u00e3o esteja precisamente a morrer, morrerei qualquer dia e quero mandar-vos uma palavra de despedida.<br>Lembrai-vos de que \u00e9 a \u00faltima palavra que vos dirijo, por isso meditai-a.<br>Passei uma vida felic\u00edssima e desejo que cada um de v\u00f3s seja igualmente feliz.<br>Crei que Deus nos colocou neste mundo encantador para sermos felizes e apreciarmos a vida. A felicidade n\u00e3o vem da riqueza, nem simplesmente do \u00eaxito de uma carreira, nem dos prazeres. Um passo para a felicidade \u00e9 serdes saud\u00e1veis e fortes enquanto sois rapazes, para poderdes ser \u00fateis e gozar a vida quando fordes homens.<br>O estudo da natureza mostrar-vos-\u00e0 as coisas belas e maravilhosas de que Deus encheu o mundo para vosso deleite. Contentai-vos com o que tendes e tirai dele o maior proveito que puderdes. Vede sempre o lado melhor das coisas e n\u00e3o o pior.<br>Mas o melhor meio para alcan\u00e7ar a felicidade \u00e9 contribuir para a felicidade dos outros. Procurai deixar o mundo um pouco melhor de que o encontrastes e quando vos chegar a vez de morrer, podeis morrer felizes sentindo que ao menos n\u00e3o desperdi\u00e7astes o tempo e fizestes todo o poss\u00edvel por praticar o bem.<br>Estai preparados desta maneira para viver e morrer felizes \u2013 apegai-vos sempre \u00e0 vossa promessa escutista \u2013 mesmo depois de j\u00e1 n\u00e3o serdes rapazes e Deus vos ajude a proceder assim.\u201d<\/em><\/p>\n\n\n\n<p><em>&nbsp;O Vosso Amigo &nbsp; &nbsp; &nbsp;&nbsp;<\/em><br><img loading=\"lazy\" alt=\"assinatura\" src=\"http:\/\/www.908carnaxide.pt\/wp-content\/uploads\/2013\/03\/assinatura.png\" width=\"150\" height=\"26\"><\/p>\n\n\n\n<p><strong>Resumo da Vida de B-P<\/strong><\/p>\n\n\n\n<p>visualizar&nbsp;<a href=\"http:\/\/www.908carnaxide.pt\/wp-content\/uploads\/2015\/04\/Vida-de-B-P-resumo.pdf\" target=\"_blank\" rel=\"noreferrer noopener\"><strong>PDF<\/strong><\/a>.<\/p>\n\n\n\n<p><strong>Resumo alargado da Vida de B-P<\/strong><\/p>\n\n\n\n<p>visualizar&nbsp;<a href=\"http:\/\/www.908carnaxide.pt\/wp-content\/uploads\/2013\/03\/VidaB-P-ResumoAlargado.pdf\" target=\"_blank\" rel=\"noreferrer noopener\"><strong>PDF<\/strong><\/a>.<\/p>\n\n\n\n<h3 id=\"oaparecimentodoescutismo\">O Aparecimento do Escutismo<\/h3>\n\n\n\n<p>Os primeiros passos para o aparecimento do escutismo no Mundo, mais precisamente em Inglaterra onde surgiu, foram dados por Baden-Powell em 1907 com a publica\u00e7\u00e3o de um livro de t\u00e9cnicas de investiga\u00e7\u00e3o e explora\u00e7\u00e3o destinado a militares, mas que despertou grande interesse nos jovens. Assim, BP foi matutando e desenvolvendo essa ideia e a 25 de Julho de 1907 partiu com 20 rapazes de escolas p\u00fablicas de Londres para a Ilha de Brownsea onde sob a sua batuta, lideran\u00e7a e instru\u00e7\u00e3o ocorreu o primeiro acampamento escutista a n\u00edvel mundial. Estes jovens, divididos em patrulhas \u2013 corvo, ma\u00e7arico, touro e lobo \u2013 fizeram diversas actividades e jogos, aprenderam novas t\u00e9cnicas e pr\u00e1ticas, desenvolveram as suas capacidades (individuais e colectivas), ouviram e partilharam hist\u00f3rias de aventuras e conquistas e, sobretudo, tiveram o \u201cprivil\u00e9gio e a sorte\u201d de participaram no primeiro acampamento mundial de escuteiros. Mais, este acampamento foi t\u00e3o bem sucedido que Baden-Powell n\u00e3o hesitou em publicar, agora directamente para os jovens, algumas das suas experi\u00eancias e conhecimentos, escrevendo assim o seu mais famoso livro Scouting for Boys (\u201cEscutismo para Rapazes\u201d). Esta obra teve tanto \u00eaxito que rapidamente foi traduzida para diversas l\u00ednguas e dialectos.<\/p>\n\n\n\n<p>Posteriormente, come\u00e7ou a formar-se de uma forma imprevista e espont\u00e2nea, tanto em Inglaterra como no resto do Mundo, novas patrulhas de escuteiros. Deste modo, o escutismo cresceu exponencialmente, de tal forma que ao fim de menos de um ano de exist\u00eancia j\u00e1 contava com mais de 60 mil membros. Em Setembro de 1908, e para conseguir lidar com o numeroso n\u00famero de pedidos de ades\u00e3o ao movimento escutista com que se debatia, BP viu-se obrigado a abrir um escrit\u00f3rio s\u00f3 para esse efeito.<\/p>\n\n\n\n<p>Por outro lado, esta ades\u00e3o era de tal forma planet\u00e1ria que mesmo alguns pa\u00edses em que o escutismo como o conhecemos era proibido admitiam o uso das suas t\u00e9cnicas e m\u00e9todos para o treino dos jovens.<\/p>\n\n\n\n<p>Seis anos ap\u00f3s o in\u00edcio do escutismo mundial este movimento chega a Portugal com a funda\u00e7\u00e3o, em 1912, da Associa\u00e7\u00e3o de Escoteiros de Portugal \u2013 a mais velha organiza\u00e7\u00e3o de escuteiros nacional.<\/p>\n\n\n\n<p>Passados alguns anos, em 1920, em Londres, houve o primeiro Jamboree Mundial a participa\u00e7\u00e3o de v\u00e1rios milhares de jovens. \u00c9 neste evento que Baden-Powell \u00e9 finalmente aclamado como Chefe Mundial dos Escuteiros.<\/p>\n\n\n\n<p>Por fim, durante todos os primeiros vinte anos dos escuteiros mundiais Baden Powell foi, para al\u00e9m do criador, um dos grandes impulsionadores do movimento e dedicou-se em exclusivo a trabalhar em prol desta causa. Em suma, \u00e9 essencialmente a ele que devemos a institui\u00e7\u00e3o \u00e0 qual temos a honra e o orgulho de actualmente pertencer. Obrigado a B-P e a todos quantos tornaram este sonho e este projecto uma realidade muito bem sucedida. Para al\u00e9m disso, desejamos que apare\u00e7am outras pessoas como ele para que daqui a mais 100 anos se possa voltar a comemorar e festejar outro centen\u00e1rio do escutismo mundial com tanto ou mais entusiasmo e grandeza do que este.<\/p>\n\n\n\n<h3 id=\"bibliografia\">Bibliografia<\/h3>\n\n\n\n<p>Escutismo para rapazes (Scouting for Boys)<br>A Caminho do Triunfo<br>A escola da vida<br>Aids to Scouting<br>Baden-Powell, Hoje.<\/p>\n","protected":false},"excerpt":{"rendered":"<p>A Vida do Fundador Robert Stephenson Smyth Baden-Powell nasceu em Londres a 22 de Fevereiro de 1857. Foi o quinto dos sete filhos do casal Baden-Powell. Seu pai, Reverendo H.G. Baden Powell era pastor da igreja anglicana e um professor universit\u00e1rio de renome, sua m\u00e3e, Henriqueta Smith era filha do Almirante Wiliam Smith. O pequeno &hellip; <\/p>\n<p class=\"link-more\"><a href=\"https:\/\/5.escutismo.pt\/?page_id=22\" class=\"more-link\">Continuar a ler <span class=\"screen-reader-text\">&#8220;Baden-Powell&#8221;<\/span><\/a><\/p>\n","protected":false},"author":1,"featured_media":0,"parent":0,"menu_order":0,"comment_status":"closed","ping_status":"closed","template":"","meta":[],"_links":{"self":[{"href":"https:\/\/5.escutismo.pt\/index.php?rest_route=\/wp\/v2\/pages\/22"}],"collection":[{"href":"https:\/\/5.escutismo.pt\/index.php?rest_route=\/wp\/v2\/pages"}],"about":[{"href":"https:\/\/5.escutismo.pt\/index.php?rest_route=\/wp\/v2\/types\/page"}],"author":[{"embeddable":true,"href":"https:\/\/5.escutismo.pt\/index.php?rest_route=\/wp\/v2\/users\/1"}],"replies":[{"embeddable":true,"href":"https:\/\/5.escutismo.pt\/index.php?rest_route=%2Fwp%2Fv2%2Fcomments&post=22"}],"version-history":[{"count":4,"href":"https:\/\/5.escutismo.pt\/index.php?rest_route=\/wp\/v2\/pages\/22\/revisions"}],"predecessor-version":[{"id":226,"href":"https:\/\/5.escutismo.pt\/index.php?rest_route=\/wp\/v2\/pages\/22\/revisions\/226"}],"wp:attachment":[{"href":"https:\/\/5.escutismo.pt\/index.php?rest_route=%2Fwp%2Fv2%2Fmedia&parent=22"}],"curies":[{"name":"wp","href":"https:\/\/api.w.org\/{rel}","templated":true}]}}