{"id":21,"date":"2020-10-09T13:40:57","date_gmt":"2020-10-09T13:40:57","guid":{"rendered":"https:\/\/5.escutismo.pt\/?page_id=21"},"modified":"2020-10-23T13:50:33","modified_gmt":"2020-10-23T13:50:33","slug":"programa-educativo","status":"publish","type":"page","link":"https:\/\/5.escutismo.pt\/?page_id=21","title":{"rendered":"Programa Educativo"},"content":{"rendered":"\n<p>O Corpo Nacional de Escutas \u00e9 uma associa\u00e7\u00e3o de educa\u00e7\u00e3o n\u00e3o-formal, cuja finalidade \u00e9 a educa\u00e7\u00e3o integral de crian\u00e7as e jovens de ambos os g\u00e9neros, com base em voluntariado adulto, em conformidade com as finalidades, princ\u00edpios e m\u00e9todos concebidos pelo Fundador do Escutismo \u2013 Lord Baden-Powell of Gilwell \u2013 e vigentes na Organiza\u00e7\u00e3o Mundial do Movimento Escutista, e \u00e0 luz do Evangelho de Jesus Cristo, segundo a doutrina da Igreja Cat\u00f3lica Romana, que professa, assume e difunde.<\/p>\n\n\n\n<p>O Programa Educativo do Corpo Nacional de Escutas \u00e9 a totalidade daquilo que as crian\u00e7as e os jovens fazem no Escutismo Cat\u00f3lico Portugu\u00eas [<em>as actividades<\/em>], como o fazem [<em>o m\u00e9todo<\/em>] e a raz\u00e3o porque o fazem [<em>a finalidade<\/em>].<\/p>\n\n\n\n<h3 id=\"finalidade\">Finalidade<\/h3>\n\n\n\n<p><strong>Proposta Educativa<\/strong><\/p>\n\n\n\n<p>Proposta Educativa do Corpo Nacional de Escutas constitui a declara\u00e7\u00e3o das finalidades \u00faltimas da Associa\u00e7\u00e3o, expressando a sua inten\u00e7\u00e3o educativa, com base na an\u00e1lise das necessidades e aspira\u00e7\u00f5es dos jovens num determinado tempo e num contexto s\u00f3cio-cultural espec\u00edfico.<\/p>\n\n\n\n<p>Neste \u00e2mbito, a inten\u00e7\u00e3o educativa do Corpo Nacional de Escutas, adequada ao tempo e \u00e0 sociedade portuguesa presentes, est\u00e1 expressa na Proposta Educativa:<\/p>\n\n\n\n<p><strong>\u201c<\/strong><strong>Educamos. Para qu\u00ea<\/strong><strong>?\u201d<\/strong><\/p>\n\n\n\n<p>O CNE ajuda jovens:<br>\u2022 a crescer;<br>\u2022 a procurar a sua pr\u00f3pria Felicidade e a contribuir decisivamente para a dos outros;<br>\u2022 a descobrir e viver segundo os Valores do Homem Novo.<\/p>\n\n\n\n<p><strong>O CNE procura, atrav\u00e9s do M\u00e9todo Escutista, ajudar cada jovem a educar-se\u2026<\/strong><\/p>\n\n\n\n<p><strong>\u2026para se tornar consciente do Ser;<\/strong><br>\u2022 uma pessoa respons\u00e1vel, aut\u00f3noma, perseverante, justa, leal e honesta<br>\u2022 uma pessoa criativa e ousada face aos desafios e que cultiva o esp\u00edrito cr\u00edtico de modo a distinguir o essencial<br>\u2022 uma pessoa alegre, sens\u00edvel e compreensiva, consciente de si pr\u00f3pria, das suas limita\u00e7\u00f5es e potencialidades<br>\u2022 uma pessoa solid\u00e1ria e fraterna, que promove o respeito e a toler\u00e2ncia na sua rela\u00e7\u00e3o com os outros<br>\u2022 uma pessoa que assume integralmente o seu compromisso crist\u00e3o como op\u00e7\u00e3o de vida<br>\u2022 uma pessoa que respeita o seu corpo como manifesta\u00e7\u00e3o de vida e com ele se relaciona de forma equilibrada<\/p>\n\n\n\n<p><strong>\u2026para se tornar detentor de Saber;<\/strong><br>\u2022 uma pessoa que reconhece as suas imperfei\u00e7\u00f5es e as procura superar de uma forma constante<br>\u2022 uma pessoa que busca sempre mais e usa esses conhecimentos para fundamentar as suas decis\u00f5es, expressando adequadamente as suas ideias<br>\u2022 uma pessoa que valoriza as sua emo\u00e7\u00f5es e afectos, vivendo-os em equil\u00edbrio<br>\u2022 uma pessoa atenta ao Mundo, no qual identifica o seu papel, valorizando o trabalho em equipa<br>\u2022 uma pessoa que procura aprofundar sempre o seu esclarecimento na F\u00e9<br>\u2022 uma pessoa que conhece as capacidades e limites do seu corpo, reconhecendo as amea\u00e7as ao mesmo<\/p>\n\n\n\n<p><strong>\u2026para se tornar preparado para Agir;<\/strong><br>\u2022 uma pessoa que, comprometendo-se, age de acordo com as suas op\u00e7\u00f5es, respeitando os outros e o mundo<br>\u2022 uma pessoa empreendedora, activa no desenvolvimento de iniciativas e que cuida da sua pr\u00f3pria forma\u00e7\u00e3o<br>\u2022 uma pessoa que cultiva amizades e que vive o amor de uma forma plena, dando disso testemunho em fam\u00edlia<br>\u2022 uma pessoa que assume o seu papel na comunidade, exercendo a cidadania de uma forma participativa e generosa<br>\u2022 uma pessoa que evangeliza pelo testemunho e pela partilha, no respeito pelas convic\u00e7\u00f5es dos outros, contribuindo assim para a constru\u00e7\u00e3o da paz<br>\u2022 uma pessoa que, reconhecendo o seu corpo como meio para transformar o Mundo, cuida dele em harmonia com o ambiente<\/p>\n\n\n\n<p><strong>O CNE ajuda jovens a crescer\u2026<\/strong><br>\u2026para que com o Ser, Saber e Agir se tornem homens e mulheres respons\u00e1veis e membros activos de comunidades, na constru\u00e7\u00e3o de um mundo melhor.<\/p>\n\n\n\n<p><strong>Projecto Educativo<\/strong><\/p>\n\n\n\n<p>O Projecto Educativo do Corpo Nacional de Escutas \u00e9 o conjunto de objectivos e m\u00e9todos, traduzidos em oportunidades, que contribuem para a constru\u00e7\u00e3o de um percurso de desenvolvimento pessoal das crian\u00e7as e jovens, sendo simultaneamente uno e plural. Uno, pois suporta uma pedagogia educativa para as crian\u00e7as e os jovens dos 6 aos 22 anos, consubstanciando o m\u00e9todo escutista criado por Lord Baden-Powell of Gilwell; plural, porque composto por quatro projectos sequencialmente complementares, que s\u00e3o os Projectos Educativos de cada Sec\u00e7\u00e3o.<\/p>\n\n\n\n<p><strong>Prespectiva Educativa<\/strong><\/p>\n\n\n\n<p>O Corpo Nacional de Escutas, na sua abordagem educativa, considera o desenvolvimento de todos os aspectos da personalidade das crian\u00e7as e dos jovens, perspectivando-os \u2013 na sequ\u00eancia do processo internacional de Renova\u00e7\u00e3o da Ac\u00e7\u00e3o Pedag\u00f3gica, observadas as inten\u00e7\u00f5es do Fundador para o Movimento Escutista e englobando todas as dimens\u00f5es da personalidade humana \u2013 em seis \u00e1reas de desenvolvimento pessoal, conforme abaixo.<\/p>\n\n\n\n<p>\u2022 Desenvolvimento f\u00edsico \u2013 o corpo<\/p>\n\n\n\n<p>\u2022 Desenvolvimento afectivo \u2013 os sentimentos e as emo\u00e7\u00f5es<\/p>\n\n\n\n<p>\u2022 Desenvolvimento do car\u00e1cter \u2013 a atitude<\/p>\n\n\n\n<p>\u2022 Desenvolvimento espiritual \u2013 o sentido de Deus<\/p>\n\n\n\n<p>\u2022 Desenvolvimento intelectual \u2013 a intelig\u00eancia<\/p>\n\n\n\n<p>\u2022 Desenvolvimento social \u2013 a integra\u00e7\u00e3o social<\/p>\n\n\n\n<p>Em cada uma das \u00e1reas de desenvolvimento pessoal est\u00e3o identificadas prioridades educacionais \u2013 tr\u00eas trilhos educativos \u2013 que tomam em considera\u00e7\u00e3o as necessidades e aspira\u00e7\u00f5es das crian\u00e7as e dos jovens em particular \u2013 os objectivos educativos. Entende-se por trilho educativo cada eixo de crescimento a explorar em cada \u00e1rea de desenvolvimento pessoal, no \u00e2mbito dos quais se definem os objectivos de desenvolvimento pessoal.<\/p>\n\n\n\n<p><strong>Objectivos Educativos<\/strong><\/p>\n\n\n\n<p>As necessidades e aspira\u00e7\u00f5es das crian\u00e7as e dos jovens, em cada uma das seis \u00e1reas de desenvolvimento pessoal, por um lado, e a capacidades [conhecimentos, compet\u00eancias e atitudes] por estes adquiridas nessas mesmas \u00e1reas, constituem os objectivos educativos, que se organizam em trilhos educativos.<\/p>\n\n\n\n<p>Existem objectivos educativos finais, que s\u00e3o os objectivos a serem atingidos, em cada \u00e1rea, no final do percurso educativo, e existem objectivos educativos de sec\u00e7\u00e3o, que constituem metas interm\u00e9dias a serem cumpridas aquando da transi\u00e7\u00e3o de uma Sec\u00e7\u00e3o para a subsequente.<\/p>\n\n\n\n<p>Assim, para cada \u00e1rea de desenvolvimento pessoal, e dentro destas para cada trilho educativo, foram definidos objectivos educativos finais e, subsequentemente, objectivos educativos de sec\u00e7\u00e3o. Toda a descri\u00e7\u00e3o das \u00e1reas de desenvolvimento e seus objectivos educativos, finais e por sec\u00e7\u00e3o, poder\u00e3o ser consultados no documento original do Programa Educativo, atrav\u00e9s do \u2018link\u2019 disponibilizado no in\u00edcio deste documento.<\/p>\n\n\n\n<h3 id=\"m\u00e9todo\">M\u00e9todo<\/h3>\n\n\n\n<p><strong>Estrutura Educativa<\/strong><\/p>\n\n\n\n<p>Em termos pedag\u00f3gicos, o Corpo Nacional de Escutas organiza as crian\u00e7as e jovens em quatro Sec\u00e7\u00f5es de base et\u00e1ria, de acordo com a tabela abaixo.<\/p>\n\n\n\n<figure class=\"wp-block-table\"><table><tbody><tr><td><\/td><td>I\u00aa Sec\u00e7\u00e3o<\/td><td>II\u00aa Sec\u00e7\u00e3o<\/td><td>III\u00aa Sec\u00e7\u00e3o<\/td><td>IV\u00aa Sec\u00e7\u00e3o<\/td><\/tr><tr><td>Designa\u00e7\u00e3o da Sec\u00e7\u00e3o<\/td><td>Alcateia<\/td><td>Expedi\u00e7\u00e3o<\/td><td>Comunidade<\/td><td>Cl\u00e3<\/td><\/tr><tr><td>Designa\u00e7\u00e3o do Elemento<\/td><td>Lobito<\/td><td>Explorador<\/td><td>Pioneiro<\/td><td>Caminheiro<\/td><\/tr><tr><td>Faixa Et\u00e1ria<\/td><td>Dos 6 aos 10 anos<\/td><td>Dos 10 aos 14 anos<\/td><td>Dos 14 aos 18 anos<\/td><td>Dos 18 aos 22 anos<\/td><\/tr><\/tbody><\/table><\/figure>\n\n\n\n<p><strong>M\u00e9todo Escutista<\/strong><\/p>\n\n\n\n<p>O m\u00e9todo escutista, elemento pedag\u00f3gico original e identit\u00e1rio do Escutismo, criado por Lord Baden-Powell of Gilwell, \u00e9 um sistema de auto-educa\u00e7\u00e3o progressiva, baseado em sete elementos igualmente relevantes; Lei e Promessa, M\u00edstica e Simbologia, Vida na Natureza, Aprender Fazendo, Sistema de Patrulhas, Sistema de Progresso e Rela\u00e7\u00e3o Educativa.<br>No Corpo Nacional de Escutas, o m\u00e9todo escutista encontra-se estruturado da forma abaixo descrita, sendo real\u00e7adas, quando existam, as especificidades de cada Sec\u00e7\u00e3o.<\/p>\n\n\n\n<p><strong>Lei e Promessa<\/strong><br>\u2022 Cont\u00eam a ideologia fundamental do escutismo<br>\u2022 O ponto central&nbsp; do m\u00e9todo escutista<br>\u2022 D\u00e1 corpo aos outros pilares do m\u00e9todo<br>\u2022 A ades\u00e3o ao movimento pressup\u00f5e a ades\u00e3o a estes valores<\/p>\n\n\n\n<p><strong>M\u00edstica e Simbologia<\/strong><br>Cada sec\u00e7\u00e3o tem um ambiente simb\u00f3lico pr\u00f3prio e coerente;<br>\u2022 Imagin\u00e1rio (Esp\u00edrito, linguagem, hist\u00f3ria)<br>\u2022 M\u00edstica (Proposta de viv\u00eancia espiritual)<br>\u2022 Patronos e modelos de vida<br>\u2022 Simbologia (objectos com significado)<\/p>\n\n\n\n<p><strong>Vida na Natureza<\/strong><br>Um dos elementos mais marcantes do m\u00e9todo enquanto proposta pedag\u00f3gica, permite:<br>\u2022 O confronto com os seus limites<br>\u2022 A aprendizagem da vida simples<br>\u2022 A aquisi\u00e7\u00e3o de conhecimentos t\u00e9cnicos<br>\u2022 A viv\u00eancia saud\u00e1vel ao ar livre<\/p>\n\n\n\n<p><strong>Aprender Fazendo<\/strong><br>Para aprender \u00e9 importante experimentar;<br>\u2022 Atrav\u00e9s do jogo<br>\u2022 Participando no processo de decis\u00e3o<br>\u2022 Adquirindo a sua autonomia<br>\u2022 Atrav\u00e9s da&nbsp;Metodologia do Projecto<br>O projecto \u00e9 um desafio colectivo, com um objectivo claro e uma meta temporal que compromete cada jovem na sua realiza\u00e7\u00e3o;<br>\u2013 4 fases (escolha, prepara\u00e7\u00e3o, realiza\u00e7\u00e3o , avalia\u00e7\u00e3o)<br>\u2013 Incorpora diversas oportunidades educativas<br>\u2013 Cria h\u00e1bitos de empreendorismo<\/p>\n\n\n\n<p><strong>Sistema de Patrulhas<\/strong><br>Organiza\u00e7\u00e3o em pequenos grupos com identidade e lideran\u00e7a pr\u00f3prias;<br>\u2022 Promove a democracia e a solidariedade<br>\u2022 Potencia a autonomia e a responsabilidade<br>\u2022 Atribui um papel a cada um<br>\u2022 Combate o individualismo<\/p>\n\n\n\n<p><strong>Sistema de Progresso<\/strong><br>Ferramenta de suporte \u00e0 progress\u00e3o pessoal;<br>\u2022 Funciona com m\u00e9trica do auto-desenvolvimento<br>\u2022 Baseia-se nas 6 \u00e1reas de desenvolvimento<br>\u2022 Em cada sec\u00e7\u00e3o existe ades\u00e3o +3 etapas<br>\u2022 As oportunidades educativas n\u00e3o s\u00e3o fixas<br>\u2022 A escolha do progresso anual \u00e9 feita pelo pr\u00f3prio<br>\u00c1reas de Desenvolvimento Pessoal<br>\u2013 Desenvolvimento f\u00edsico \u2013 o corpo<br>\u2013 Desenvolvimento afectivo \u2013 os sentimentos e as emo\u00e7\u00f5es<br>\u2013 Desenvolvimento do car\u00e1cter \u2013 a atitude<br>\u2013 Desenvolvimento espiritual \u2013 o sentido de Deus<br>\u2013 Desenvolvimento intelectual \u2013 a intelig\u00eancia<br>\u2013 Desenvolvimento social \u2013 a integra\u00e7\u00e3o social<\/p>\n\n\n\n<p><strong>Rela\u00e7\u00e3o Educativa<\/strong><br>O Dirigente do CNE \u00e9 um Adulto que assumiu um compromisso pessoal e volunt\u00e1rio de trabalhar na implementa\u00e7\u00e3o e desenvolvimento da Proposta Educativa do CNE enquanto Educador. Ao assumir este compromisso, assume-se uma Miss\u00e3o de Servi\u00e7o com as devidas implica\u00e7\u00f5es (responsabilidades e deveres) da\u00ed resultantes.<br>O dirigente tem que:<br>\u2022 Formar os elementos<br>\u2022 Criar oportunidades educativas<br>\u2022 Cumprir normas de seguran\u00e7a<br>\u2022 Excluir comportamentos de risco<br>\u2022 Estar atento ao bem estar f\u00edsico psicol\u00f3gico e an\u00edmico<\/p>\n\n\n\n<h3 id=\"actividades\">Actividades<\/h3>\n\n\n\n<p>As actividades desenvolvidas e participadas pelas crian\u00e7as e jovens, \u00e0s quais directamente se associam algumas das componentes mais marcantes do Escutismo \u2013 ac\u00e7\u00e3o, aventura, desafio, criatividade, contacto com a natureza, etc. \u2013 constituem a parte mais vis\u00edvel do Programa Educativo. \u00c9 atrav\u00e9s das actividades que se constr\u00f3i, em boa parte, a percep\u00e7\u00e3o da sociedade sobre o que \u00e9 o Escutismo e s\u00e3o as actividades o que mais \u2013 e de facto \u2013 atrai as crian\u00e7as e os jovens ao Escutismo.<\/p>\n\n\n\n<p>Num Programa Educativo baseado em objectivos educativos, onde cada crian\u00e7a e jovem \u00e9 desafiado a alcan\u00e7ar n\u00edveis pr\u00e9definidos, todas as ac\u00e7\u00f5es levadas a cabo, seja no \u00e2mbito do Escutismo ou fora dele, s\u00e3o meios para alcan\u00e7ar esses mesmos objectivos educativos. O Escutismo prop\u00f5e e realiza actividades como forma de criar e proporcionar oportunidades educativas que, em \u00faltima an\u00e1lise, contribuam para que as crian\u00e7as ou jovens alcancem os objectivos educativos estabelecidos, ou seja, para o respectivo desenvolvimento integral.<\/p>\n\n\n\n<p>Assim, constituem oportunidades educativas, todas as oportunidades para que cada crian\u00e7a ou jovem possa desenvolverse nas seis \u00e1reas de desenvolvimento pessoal, e que contribuem para ir alcan\u00e7ando os objectivos educativos adoptados, sejam actividades, sejam propostas de desenvolvimento de compet\u00eancia espec\u00edficas, seja a assump\u00e7\u00e3o de cargos, fun\u00e7\u00f5es e responsabilidades ao n\u00edvel do bando, patrulha ou equipa. No entanto, a realiza\u00e7\u00e3o ou participa\u00e7\u00e3o em actividades n\u00e3o leva automaticamente ao cumprimento de qualquer objectivo, contribui sim para proporcionar conhecimentos, desenvolver compet\u00eancias ou despertar atitudes que, de forma gradual e cumulativa, permitem alcan\u00e7ar um ou mais objectivos educativos.<\/p>\n\n\n\n<p>A realiza\u00e7\u00e3o de actividades relaciona-se, por outro lado, com uma componente importante do m\u00e9todo escutista \u2013 o aprender fazendo \u2013 enquanto m\u00e9todo activo que valoriza a experi\u00eancia individual para a aquisi\u00e7\u00e3o de conhecimentos, compet\u00eancias e atitudes. No Escutismo, as crian\u00e7as e os jovens aprendem fazendo. A aprendizagem pela ac\u00e7\u00e3o permite uma aprendizagem por descobertas, fazendo com que os conhecimentos, compet\u00eancias e atitudes e se interiorizem de forma natural \u2013 experi\u00eancia.<\/p>\n\n\n\n<p>Actividades e experi\u00eancia s\u00e3o, assim, dois conceitos intimamente interligados, embora claramente distintos. Sendo as actividades o meio privilegiado para alcan\u00e7ar a aprendizagem, as crian\u00e7as e os jovens aprendem atrav\u00e9s das experi\u00eancias que vivem nas actividades.<\/p>\n\n\n\n<p>Neste sentido, as experi\u00eancias s\u00e3o pessoais e expressam uma rela\u00e7\u00e3o pessoal entre cada crian\u00e7a ou jovem e a realidade. Uma \u00fanica actividade pode gerar diferentes experi\u00eancias nas crian\u00e7as e jovens que nela participam, dependendo de uma variedade de circunst\u00e2ncias, designadamente a individualidade de cada um enquanto pessoa. Sendo a actividade e as oportunidades educativas nela intr\u00ednsecas comuns ao grupo, a garantia de aprendizagens individuais concretiza-se pelo est\u00edmulo a cada crian\u00e7a ou jovem a reflectir sobre o vivenciado, a relacionar com o seu quotidiano e a interiorizar as experi\u00eancias pessoais vividas, de modo que estas possam de futuro influenciar novos comportamentos. Refor\u00e7a-se assim a import\u00e2ncia do processo de avalia\u00e7\u00e3o e da percep\u00e7\u00e3o individual de crescimento, adaptado claro a cada escal\u00e3o et\u00e1rio.<\/p>\n","protected":false},"excerpt":{"rendered":"<p>O Corpo Nacional de Escutas \u00e9 uma associa\u00e7\u00e3o de educa\u00e7\u00e3o n\u00e3o-formal, cuja finalidade \u00e9 a educa\u00e7\u00e3o integral de crian\u00e7as e jovens de ambos os g\u00e9neros, com base em voluntariado adulto, em conformidade com as finalidades, princ\u00edpios e m\u00e9todos concebidos pelo Fundador do Escutismo \u2013 Lord Baden-Powell of Gilwell \u2013 e vigentes na Organiza\u00e7\u00e3o Mundial do &hellip; <\/p>\n<p class=\"link-more\"><a href=\"https:\/\/5.escutismo.pt\/?page_id=21\" class=\"more-link\">Continuar a ler <span class=\"screen-reader-text\">&#8220;Programa Educativo&#8221;<\/span><\/a><\/p>\n","protected":false},"author":1,"featured_media":0,"parent":0,"menu_order":0,"comment_status":"closed","ping_status":"closed","template":"","meta":[],"_links":{"self":[{"href":"https:\/\/5.escutismo.pt\/index.php?rest_route=\/wp\/v2\/pages\/21"}],"collection":[{"href":"https:\/\/5.escutismo.pt\/index.php?rest_route=\/wp\/v2\/pages"}],"about":[{"href":"https:\/\/5.escutismo.pt\/index.php?rest_route=\/wp\/v2\/types\/page"}],"author":[{"embeddable":true,"href":"https:\/\/5.escutismo.pt\/index.php?rest_route=\/wp\/v2\/users\/1"}],"replies":[{"embeddable":true,"href":"https:\/\/5.escutismo.pt\/index.php?rest_route=%2Fwp%2Fv2%2Fcomments&post=21"}],"version-history":[{"count":3,"href":"https:\/\/5.escutismo.pt\/index.php?rest_route=\/wp\/v2\/pages\/21\/revisions"}],"predecessor-version":[{"id":222,"href":"https:\/\/5.escutismo.pt\/index.php?rest_route=\/wp\/v2\/pages\/21\/revisions\/222"}],"wp:attachment":[{"href":"https:\/\/5.escutismo.pt\/index.php?rest_route=%2Fwp%2Fv2%2Fmedia&parent=21"}],"curies":[{"name":"wp","href":"https:\/\/api.w.org\/{rel}","templated":true}]}}